{"id":9723,"date":"2019-06-18T10:40:01","date_gmt":"2019-06-18T10:40:01","guid":{"rendered":"http:\/\/ninzio.com\/prelude\/?page_id=9723"},"modified":"2024-08-26T22:29:19","modified_gmt":"2024-08-26T22:29:19","slug":"logistics","status":"publish","type":"page","link":"https:\/\/bmasc.com\/bmasc-pg\/index.php\/logistics\/","title":{"rendered":"BMA Logistics"},"content":{"rendered":"<div class=\"wpb-content-wrapper\"><p>[vc_row][vc_column]\r\n\t<div class=\"prelude-spacer clearfix\" data-desktop=\"150\" data-mobi=\"75\" data-smobi=\"75\"><\/div>[\/vc_column][\/vc_row][vc_row css=\u00bb.vc_custom_1711950176959{background-image: url(https:\/\/integroqueretaro.store\/wp-content\/uploads\/2024\/04\/Fondobmalogistics.jpg?id=13627) !important;}\u00bb][vc_column]\r\n\t<div class=\"prelude-spacer clearfix\" data-desktop=\"50\" data-mobi=\"25\" data-smobi=\"25\"><\/div><h6 class=\"prelude-text clearfix text-center\" style=\"color:#ffffff;\"><p style=\"text-align: justify;\"><span>En <strong>BMA LOGISTICS S.A. C.V<\/strong> entendemos la importancia que tiene para una empresa el transporte de bienes y productos hasta su cliente final y atendiendo esa actividad tan importante ponemos a su disposici\u00f3n el equipo humano calificado, que permite sugerir y ofrecer un sin n\u00famero de posibilidades para lograr el acercamiento de las mercanc\u00edas de la manera m\u00e1s \u00e1gil y al menor costo posible.<\/span><br \/>\n<span>Para garantizar el adecuado manejo de sus materiales as\u00ed como la seguridad de los mismos, <strong>BMA LOGISTICS<\/strong> a trav\u00e9s de sus alianzas estrat\u00e9gicas con compa\u00f1\u00edas de transporte especializado garantiza servicios de log\u00edstica a\u00e9rea, mar\u00edtima, terrestre y ferroviaria, as\u00ed como maniobras y certificaci\u00f3n de primer nivel hacia y desde cualquier parte del mundo<\/span><\/p>\n<\/h6>\r\n\t<div class=\"prelude-spacer clearfix\" data-desktop=\"50\" data-mobi=\"25\" data-smobi=\"25\"><\/div>[\/vc_column][\/vc_row][vc_row][vc_column]\r\n\t<div class=\"prelude-spacer clearfix\" data-desktop=\"50\" data-mobi=\"25\" data-smobi=\"25\"><\/div>[\/vc_column][\/vc_row][vc_row][vc_column width=\u00bb1\/2&#8243;]<div class=\"prelude-list clearfix icon-middle\" >\r\n\t\t<div style=\"\">\r\n\t\t\t<span style=\"padding-left:30px;\"><span class=\"icon \" style=\"color:#2b5286;font-size:25px;\">\r\n\t\t\t<i class=\"pe-7s-check\"><\/i>\r\n\t\t<\/span> <span style=\"font-size:20px;\">Transportaci\u00f3n de carga a\u00e9rea<\/span><\/span>\r\n\t\t<\/div>\r\n\t<\/div><div class=\"prelude-list clearfix icon-middle\" >\r\n\t\t<div style=\"\">\r\n\t\t\t<span style=\"padding-left:30px;\"><span class=\"icon \" style=\"color:#2b5286;font-size:25px;\">\r\n\t\t\t<i class=\"pe-7s-check\"><\/i>\r\n\t\t<\/span> <span style=\"font-size:20px;\">Transportaci\u00f3n mar\u00edtima <b>FCL, LCL<\/b><\/span><\/span>\r\n\t\t<\/div>\r\n\t<\/div><div class=\"prelude-list clearfix icon-top\" >\r\n\t\t<div style=\"\">\r\n\t\t\t<span style=\"padding-left:30px;\"><span class=\"icon \" style=\"color:#2b5286;font-size:25px;\">\r\n\t\t\t<i class=\"pe-7s-check\"><\/i>\r\n\t\t<\/span> <span style=\"font-size:20px;\">Transportaci\u00f3n terrestre nacional e internacional <b>FTL, LTL<\/b><\/span><\/span>\r\n\t\t<\/div>\r\n\t<\/div><div class=\"prelude-list clearfix icon-top\" >\r\n\t\t<div style=\"\">\r\n\t\t\t<span style=\"padding-left:30px;\"><span class=\"icon \" style=\"color:#2b5286;font-size:25px;\">\r\n\t\t\t<i class=\"pe-7s-check\"><\/i>\r\n\t\t<\/span> <span style=\"font-size:20px;\">Servicio Puerta-Puerta incluyendo despacho Aduanal en origen y destino<\/span><\/span>\r\n\t\t<\/div>\r\n\t<\/div>[\/vc_column][vc_column width=\u00bb1\/2&#8243;]<div class=\"prelude-list clearfix icon-top\" >\r\n\t\t<div style=\"\">\r\n\t\t\t<span style=\"padding-left:30px;\"><span class=\"icon \" style=\"color:#2b5286;font-size:25px;\">\r\n\t\t\t<i class=\"pe-7s-check\"><\/i>\r\n\t\t<\/span> <span style=\"font-size:20px;\">Capacidad para establecer centros de consolidaci\u00f3n en ciudades estrat\u00e9gicas<\/span><\/span>\r\n\t\t<\/div>\r\n\t<\/div><div class=\"prelude-list clearfix icon-middle\" >\r\n\t\t<div style=\"\">\r\n\t\t\t<span style=\"padding-left:30px;\"><span class=\"icon \" style=\"color:#2b5286;font-size:25px;\">\r\n\t\t\t<i class=\"pe-7s-check\"><\/i>\r\n\t\t<\/span> <span style=\"font-size:20px;\">Entregas locales<\/span><\/span>\r\n\t\t<\/div>\r\n\t<\/div><div class=\"prelude-list clearfix icon-middle\" >\r\n\t\t<div style=\"\">\r\n\t\t\t<span style=\"padding-left:30px;\"><span class=\"icon \" style=\"color:#2b5286;font-size:25px;\">\r\n\t\t\t<i class=\"pe-7s-check\"><\/i>\r\n\t\t<\/span> <span style=\"font-size:20px;\"><b>Charter, Hand Carrier y Hot shot<\/b><\/span><\/span>\r\n\t\t<\/div>\r\n\t<\/div><div class=\"prelude-list clearfix icon-middle\" >\r\n\t\t<div style=\"\">\r\n\t\t\t<span style=\"padding-left:30px;\"><span class=\"icon \" style=\"color:#2b5286;font-size:25px;\">\r\n\t\t\t<i class=\"pe-7s-check\"><\/i>\r\n\t\t<\/span> <span style=\"font-size:20px;\">Servicios de seguro de mercanc\u00edas y contenedores<\/span><\/span>\r\n\t\t<\/div>\r\n\t<\/div>[\/vc_column][\/vc_row][vc_row][vc_column]\r\n\t<div class=\"prelude-spacer clearfix\" data-desktop=\"100\" data-mobi=\"50\" data-smobi=\"50\"><\/div>[\/vc_column][\/vc_row]<\/p>\n<\/div>","protected":false},"excerpt":{"rendered":"<p>[vc_row][vc_column][\/vc_column][\/vc_row][vc_row css=\u00bb.vc_custom_1711950176959{background-image: url(https:\/\/integroqueretaro.store\/wp-content\/uploads\/2024\/04\/Fondobmalogistics.jpg?id=13627) !important;}\u00bb][vc_column][\/vc_column][\/vc_row][vc_row][vc_column][\/vc_column][\/vc_row][vc_row][vc_column width=\u00bb1\/2&#8243;][\/vc_column][vc_column width=\u00bb1\/2&#8243;][\/vc_column][\/vc_row][vc_row][vc_column][\/vc_column][\/vc_row]<\/p>\n","protected":false},"author":2,"featured_media":0,"parent":0,"menu_order":0,"comment_status":"closed","ping_status":"closed","template":"","meta":{"footnotes":""},"yoast_head":"<!-- This site is optimized with the Yoast SEO plugin v23.0 - https:\/\/yoast.com\/wordpress\/plugins\/seo\/ -->\n<title>BMA Logistics - BMASC<\/title>\n<meta name=\"robots\" content=\"index, follow, max-snippet:-1, max-image-preview:large, max-video-preview:-1\" \/>\n<link rel=\"canonical\" href=\"https:\/\/bmasc.com\/bmasc-pg\/index.php\/logistics\/\" \/>\n<meta property=\"og:locale\" content=\"es_ES\" \/>\n<meta property=\"og:type\" content=\"article\" \/>\n<meta property=\"og:title\" content=\"BMA Logistics - BMASC\" \/>\n<meta property=\"og:description\" content=\"[vc_row][vc_column][\/vc_column][\/vc_row][vc_row css=\u00bb.vc_custom_1711950176959{background-image: url(https:\/\/integroqueretaro.store\/wp-content\/uploads\/2024\/04\/Fondobmalogistics.jpg?id=13627) !important;}\u00bb][vc_column][\/vc_column][\/vc_row][vc_row][vc_column][\/vc_column][\/vc_row][vc_row][vc_column width=\u00bb1\/2&#8243;][\/vc_column][vc_column width=\u00bb1\/2&#8243;][\/vc_column][\/vc_row][vc_row][vc_column][\/vc_column][\/vc_row]\" \/>\n<meta property=\"og:url\" content=\"https:\/\/bmasc.com\/bmasc-pg\/index.php\/logistics\/\" \/>\n<meta property=\"og:site_name\" content=\"BMASC\" \/>\n<meta property=\"article:modified_time\" content=\"2024-08-26T22:29:19+00:00\" \/>\n<meta name=\"twitter:card\" content=\"summary_large_image\" \/>\n<meta name=\"twitter:label1\" content=\"Tiempo de lectura\" \/>\n\t<meta name=\"twitter:data1\" content=\"2 minutos\" \/>\n<script type=\"application\/ld+json\" class=\"yoast-schema-graph\">{\"@context\":\"https:\/\/schema.org\",\"@graph\":[{\"@type\":\"WebPage\",\"@id\":\"https:\/\/bmasc.com\/bmasc-pg\/index.php\/logistics\/\",\"url\":\"https:\/\/bmasc.com\/bmasc-pg\/index.php\/logistics\/\",\"name\":\"BMA Logistics - BMASC\",\"isPartOf\":{\"@id\":\"https:\/\/bmasc.com\/bmasc-pg\/#website\"},\"datePublished\":\"2019-06-18T10:40:01+00:00\",\"dateModified\":\"2024-08-26T22:29:19+00:00\",\"breadcrumb\":{\"@id\":\"https:\/\/bmasc.com\/bmasc-pg\/index.php\/logistics\/#breadcrumb\"},\"inLanguage\":\"es\",\"potentialAction\":[{\"@type\":\"ReadAction\",\"target\":[\"https:\/\/bmasc.com\/bmasc-pg\/index.php\/logistics\/\"]}]},{\"@type\":\"BreadcrumbList\",\"@id\":\"https:\/\/bmasc.com\/bmasc-pg\/index.php\/logistics\/#breadcrumb\",\"itemListElement\":[{\"@type\":\"ListItem\",\"position\":1,\"name\":\"Portada\",\"item\":\"https:\/\/bmasc.com\/bmasc-pg\/\"},{\"@type\":\"ListItem\",\"position\":2,\"name\":\"BMA Logistics\"}]},{\"@type\":\"WebSite\",\"@id\":\"https:\/\/bmasc.com\/bmasc-pg\/#website\",\"url\":\"https:\/\/bmasc.com\/bmasc-pg\/\",\"name\":\"BMASC\",\"description\":\"\",\"potentialAction\":[{\"@type\":\"SearchAction\",\"target\":{\"@type\":\"EntryPoint\",\"urlTemplate\":\"https:\/\/bmasc.com\/bmasc-pg\/?s={search_term_string}\"},\"query-input\":\"required name=search_term_string\"}],\"inLanguage\":\"es\"}]}<\/script>\n<!-- \/ Yoast SEO plugin. -->","yoast_head_json":{"title":"BMA Logistics - BMASC","robots":{"index":"index","follow":"follow","max-snippet":"max-snippet:-1","max-image-preview":"max-image-preview:large","max-video-preview":"max-video-preview:-1"},"canonical":"https:\/\/bmasc.com\/bmasc-pg\/index.php\/logistics\/","og_locale":"es_ES","og_type":"article","og_title":"BMA Logistics - BMASC","og_description":"[vc_row][vc_column][\/vc_column][\/vc_row][vc_row css=\u00bb.vc_custom_1711950176959{background-image: url(https:\/\/integroqueretaro.store\/wp-content\/uploads\/2024\/04\/Fondobmalogistics.jpg?id=13627) !important;}\u00bb][vc_column][\/vc_column][\/vc_row][vc_row][vc_column][\/vc_column][\/vc_row][vc_row][vc_column width=\u00bb1\/2&#8243;][\/vc_column][vc_column width=\u00bb1\/2&#8243;][\/vc_column][\/vc_row][vc_row][vc_column][\/vc_column][\/vc_row]","og_url":"https:\/\/bmasc.com\/bmasc-pg\/index.php\/logistics\/","og_site_name":"BMASC","article_modified_time":"2024-08-26T22:29:19+00:00","twitter_card":"summary_large_image","twitter_misc":{"Tiempo de lectura":"2 minutos"},"schema":{"@context":"https:\/\/schema.org","@graph":[{"@type":"WebPage","@id":"https:\/\/bmasc.com\/bmasc-pg\/index.php\/logistics\/","url":"https:\/\/bmasc.com\/bmasc-pg\/index.php\/logistics\/","name":"BMA Logistics - BMASC","isPartOf":{"@id":"https:\/\/bmasc.com\/bmasc-pg\/#website"},"datePublished":"2019-06-18T10:40:01+00:00","dateModified":"2024-08-26T22:29:19+00:00","breadcrumb":{"@id":"https:\/\/bmasc.com\/bmasc-pg\/index.php\/logistics\/#breadcrumb"},"inLanguage":"es","potentialAction":[{"@type":"ReadAction","target":["https:\/\/bmasc.com\/bmasc-pg\/index.php\/logistics\/"]}]},{"@type":"BreadcrumbList","@id":"https:\/\/bmasc.com\/bmasc-pg\/index.php\/logistics\/#breadcrumb","itemListElement":[{"@type":"ListItem","position":1,"name":"Portada","item":"https:\/\/bmasc.com\/bmasc-pg\/"},{"@type":"ListItem","position":2,"name":"BMA Logistics"}]},{"@type":"WebSite","@id":"https:\/\/bmasc.com\/bmasc-pg\/#website","url":"https:\/\/bmasc.com\/bmasc-pg\/","name":"BMASC","description":"","potentialAction":[{"@type":"SearchAction","target":{"@type":"EntryPoint","urlTemplate":"https:\/\/bmasc.com\/bmasc-pg\/?s={search_term_string}"},"query-input":"required name=search_term_string"}],"inLanguage":"es"}]}},"_links":{"self":[{"href":"https:\/\/bmasc.com\/bmasc-pg\/index.php\/wp-json\/wp\/v2\/pages\/9723"}],"collection":[{"href":"https:\/\/bmasc.com\/bmasc-pg\/index.php\/wp-json\/wp\/v2\/pages"}],"about":[{"href":"https:\/\/bmasc.com\/bmasc-pg\/index.php\/wp-json\/wp\/v2\/types\/page"}],"author":[{"embeddable":true,"href":"https:\/\/bmasc.com\/bmasc-pg\/index.php\/wp-json\/wp\/v2\/users\/2"}],"replies":[{"embeddable":true,"href":"https:\/\/bmasc.com\/bmasc-pg\/index.php\/wp-json\/wp\/v2\/comments?post=9723"}],"version-history":[{"count":3,"href":"https:\/\/bmasc.com\/bmasc-pg\/index.php\/wp-json\/wp\/v2\/pages\/9723\/revisions"}],"predecessor-version":[{"id":13552,"href":"https:\/\/bmasc.com\/bmasc-pg\/index.php\/wp-json\/wp\/v2\/pages\/9723\/revisions\/13552"}],"wp:attachment":[{"href":"https:\/\/bmasc.com\/bmasc-pg\/index.php\/wp-json\/wp\/v2\/media?parent=9723"}],"curies":[{"name":"wp","href":"https:\/\/api.w.org\/{rel}","templated":true}]}}