{"id":3,"date":"2024-07-05T21:52:23","date_gmt":"2024-07-05T21:52:23","guid":{"rendered":"https:\/\/bmasc.com\/bmasc-pg\/?page_id=3"},"modified":"2024-12-03T18:32:04","modified_gmt":"2024-12-03T18:32:04","slug":"politicadecalidad","status":"publish","type":"page","link":"https:\/\/bmasc.com\/bmasc-pg\/index.php\/politicadecalidad\/","title":{"rendered":"Pol\u00edtica de calidad"},"content":{"rendered":"<div class=\"wpb-content-wrapper\"><p>[vc_row][vc_column]\r\n\t<div class=\"prelude-spacer clearfix\" data-desktop=\"150\" data-mobi=\"60\" data-smobi=\"60\"><\/div><div class=\"prelude-headings clearfix \"  style=\"\"><h1 class=\"heading clearfix \" style=\"font-weight:500;color:#2b5286;letter-spacing:0.25px;margin-bottom:15px;\">\r\n\t\tPol\u00edtica de calidad\r\n\t<\/h1><\/div>\r\n\t<div class=\"prelude-spacer clearfix\" data-desktop=\"40\" data-mobi=\"50\" data-smobi=\"50\"><\/div>[vc_column_text]<\/p>\n<p style=\"text-align: justify;\"><span>Ofrecer a nuestros clientes servicios dise\u00f1ados conforme a sus necesidades, garantizando la satisfacci\u00f3n de sus requerimientos, a trav\u00e9s de la capacitaci\u00f3n y desarrollo de nuestros colaboradores; adoptando la mejora continua de nuestros procesos como parte del trabajo diario. Nuestra pol\u00edtica de calidad se basa en mantener una relaci\u00f3n cercana con nuestros clientes para conocer de manera anticipada sus necesidades de servicio. En BMA estamos convencidos que nuestra declaraci\u00f3n de valores nos define como organizaci\u00f3n y debemos practicarlos como parte de nuestra vida.<\/span><\/p>\n<p>[\/vc_column_text]\r\n\t<div class=\"prelude-spacer clearfix\" data-desktop=\"40\" data-mobi=\"20\" data-smobi=\"20\"><\/div>[\/vc_column][\/vc_row][vc_row css=\u00bb.vc_custom_1733250613220{background-image: url(https:\/\/bmasc.com\/bmasc-pg\/wp-content\/uploads\/2024\/08\/Fondo02.jpg?id=13470) !important;}\u00bb][vc_column width=\u00bb1\/5&#8243;][vc_single_image image=\u00bb13809&#8243;][\/vc_column][vc_column width=\u00bb1\/5&#8243;][vc_single_image image=\u00bb13457&#8243;][\/vc_column][vc_column width=\u00bb1\/5&#8243;][vc_single_image image=\u00bb13479&#8243;][\/vc_column][vc_column width=\u00bb1\/5&#8243;][vc_single_image image=\u00bb13455&#8243;][\/vc_column][vc_column width=\u00bb1\/5&#8243;][vc_single_image image=\u00bb13451&#8243;][\/vc_column][\/vc_row]<\/p>\n<\/div>","protected":false},"excerpt":{"rendered":"<p>[vc_row][vc_column][vc_column_text] Ofrecer a nuestros clientes servicios dise\u00f1ados conforme a sus necesidades, garantizando la satisfacci\u00f3n de sus requerimientos, a trav\u00e9s de la capacitaci\u00f3n y desarrollo de nuestros colaboradores; adoptando la mejora continua de nuestros procesos como parte del trabajo diario. Nuestra pol\u00edtica de calidad se basa en mantener una relaci\u00f3n cercana<\/p>\n","protected":false},"author":1,"featured_media":0,"parent":0,"menu_order":0,"comment_status":"closed","ping_status":"open","template":"","meta":{"footnotes":""},"yoast_head":"<!-- This site is optimized with the Yoast SEO plugin v23.0 - https:\/\/yoast.com\/wordpress\/plugins\/seo\/ -->\n<title>Pol\u00edtica de calidad - BMASC<\/title>\n<meta name=\"robots\" content=\"index, follow, max-snippet:-1, max-image-preview:large, max-video-preview:-1\" \/>\n<link rel=\"canonical\" href=\"https:\/\/bmasc.com\/bmasc-pg\/index.php\/politicadecalidad\/\" \/>\n<meta property=\"og:locale\" content=\"es_ES\" \/>\n<meta property=\"og:type\" content=\"article\" \/>\n<meta property=\"og:title\" content=\"Pol\u00edtica de calidad - BMASC\" \/>\n<meta property=\"og:description\" content=\"[vc_row][vc_column][vc_column_text] Ofrecer a nuestros clientes servicios dise\u00f1ados conforme a sus necesidades, garantizando la satisfacci\u00f3n de sus requerimientos, a trav\u00e9s de la capacitaci\u00f3n y desarrollo de nuestros colaboradores; adoptando la mejora continua de nuestros procesos como parte del trabajo diario. Nuestra pol\u00edtica de calidad se basa en mantener una relaci\u00f3n cercana\" \/>\n<meta property=\"og:url\" content=\"https:\/\/bmasc.com\/bmasc-pg\/index.php\/politicadecalidad\/\" \/>\n<meta property=\"og:site_name\" content=\"BMASC\" \/>\n<meta property=\"article:modified_time\" content=\"2024-12-03T18:32:04+00:00\" \/>\n<meta name=\"twitter:card\" content=\"summary_large_image\" \/>\n<meta name=\"twitter:label1\" content=\"Tiempo de lectura\" \/>\n\t<meta name=\"twitter:data1\" content=\"1 minuto\" \/>\n<script type=\"application\/ld+json\" class=\"yoast-schema-graph\">{\"@context\":\"https:\/\/schema.org\",\"@graph\":[{\"@type\":\"WebPage\",\"@id\":\"https:\/\/bmasc.com\/bmasc-pg\/index.php\/politicadecalidad\/\",\"url\":\"https:\/\/bmasc.com\/bmasc-pg\/index.php\/politicadecalidad\/\",\"name\":\"Pol\u00edtica de calidad - BMASC\",\"isPartOf\":{\"@id\":\"https:\/\/bmasc.com\/bmasc-pg\/#website\"},\"datePublished\":\"2024-07-05T21:52:23+00:00\",\"dateModified\":\"2024-12-03T18:32:04+00:00\",\"breadcrumb\":{\"@id\":\"https:\/\/bmasc.com\/bmasc-pg\/index.php\/politicadecalidad\/#breadcrumb\"},\"inLanguage\":\"es\",\"potentialAction\":[{\"@type\":\"ReadAction\",\"target\":[\"https:\/\/bmasc.com\/bmasc-pg\/index.php\/politicadecalidad\/\"]}]},{\"@type\":\"BreadcrumbList\",\"@id\":\"https:\/\/bmasc.com\/bmasc-pg\/index.php\/politicadecalidad\/#breadcrumb\",\"itemListElement\":[{\"@type\":\"ListItem\",\"position\":1,\"name\":\"Portada\",\"item\":\"https:\/\/bmasc.com\/bmasc-pg\/\"},{\"@type\":\"ListItem\",\"position\":2,\"name\":\"Pol\u00edtica de calidad\"}]},{\"@type\":\"WebSite\",\"@id\":\"https:\/\/bmasc.com\/bmasc-pg\/#website\",\"url\":\"https:\/\/bmasc.com\/bmasc-pg\/\",\"name\":\"BMASC\",\"description\":\"\",\"potentialAction\":[{\"@type\":\"SearchAction\",\"target\":{\"@type\":\"EntryPoint\",\"urlTemplate\":\"https:\/\/bmasc.com\/bmasc-pg\/?s={search_term_string}\"},\"query-input\":\"required name=search_term_string\"}],\"inLanguage\":\"es\"}]}<\/script>\n<!-- \/ Yoast SEO plugin. -->","yoast_head_json":{"title":"Pol\u00edtica de calidad - BMASC","robots":{"index":"index","follow":"follow","max-snippet":"max-snippet:-1","max-image-preview":"max-image-preview:large","max-video-preview":"max-video-preview:-1"},"canonical":"https:\/\/bmasc.com\/bmasc-pg\/index.php\/politicadecalidad\/","og_locale":"es_ES","og_type":"article","og_title":"Pol\u00edtica de calidad - BMASC","og_description":"[vc_row][vc_column][vc_column_text] Ofrecer a nuestros clientes servicios dise\u00f1ados conforme a sus necesidades, garantizando la satisfacci\u00f3n de sus requerimientos, a trav\u00e9s de la capacitaci\u00f3n y desarrollo de nuestros colaboradores; adoptando la mejora continua de nuestros procesos como parte del trabajo diario. Nuestra pol\u00edtica de calidad se basa en mantener una relaci\u00f3n cercana","og_url":"https:\/\/bmasc.com\/bmasc-pg\/index.php\/politicadecalidad\/","og_site_name":"BMASC","article_modified_time":"2024-12-03T18:32:04+00:00","twitter_card":"summary_large_image","twitter_misc":{"Tiempo de lectura":"1 minuto"},"schema":{"@context":"https:\/\/schema.org","@graph":[{"@type":"WebPage","@id":"https:\/\/bmasc.com\/bmasc-pg\/index.php\/politicadecalidad\/","url":"https:\/\/bmasc.com\/bmasc-pg\/index.php\/politicadecalidad\/","name":"Pol\u00edtica de calidad - BMASC","isPartOf":{"@id":"https:\/\/bmasc.com\/bmasc-pg\/#website"},"datePublished":"2024-07-05T21:52:23+00:00","dateModified":"2024-12-03T18:32:04+00:00","breadcrumb":{"@id":"https:\/\/bmasc.com\/bmasc-pg\/index.php\/politicadecalidad\/#breadcrumb"},"inLanguage":"es","potentialAction":[{"@type":"ReadAction","target":["https:\/\/bmasc.com\/bmasc-pg\/index.php\/politicadecalidad\/"]}]},{"@type":"BreadcrumbList","@id":"https:\/\/bmasc.com\/bmasc-pg\/index.php\/politicadecalidad\/#breadcrumb","itemListElement":[{"@type":"ListItem","position":1,"name":"Portada","item":"https:\/\/bmasc.com\/bmasc-pg\/"},{"@type":"ListItem","position":2,"name":"Pol\u00edtica de calidad"}]},{"@type":"WebSite","@id":"https:\/\/bmasc.com\/bmasc-pg\/#website","url":"https:\/\/bmasc.com\/bmasc-pg\/","name":"BMASC","description":"","potentialAction":[{"@type":"SearchAction","target":{"@type":"EntryPoint","urlTemplate":"https:\/\/bmasc.com\/bmasc-pg\/?s={search_term_string}"},"query-input":"required name=search_term_string"}],"inLanguage":"es"}]}},"_links":{"self":[{"href":"https:\/\/bmasc.com\/bmasc-pg\/index.php\/wp-json\/wp\/v2\/pages\/3"}],"collection":[{"href":"https:\/\/bmasc.com\/bmasc-pg\/index.php\/wp-json\/wp\/v2\/pages"}],"about":[{"href":"https:\/\/bmasc.com\/bmasc-pg\/index.php\/wp-json\/wp\/v2\/types\/page"}],"author":[{"embeddable":true,"href":"https:\/\/bmasc.com\/bmasc-pg\/index.php\/wp-json\/wp\/v2\/users\/1"}],"replies":[{"embeddable":true,"href":"https:\/\/bmasc.com\/bmasc-pg\/index.php\/wp-json\/wp\/v2\/comments?post=3"}],"version-history":[{"count":15,"href":"https:\/\/bmasc.com\/bmasc-pg\/index.php\/wp-json\/wp\/v2\/pages\/3\/revisions"}],"predecessor-version":[{"id":13810,"href":"https:\/\/bmasc.com\/bmasc-pg\/index.php\/wp-json\/wp\/v2\/pages\/3\/revisions\/13810"}],"wp:attachment":[{"href":"https:\/\/bmasc.com\/bmasc-pg\/index.php\/wp-json\/wp\/v2\/media?parent=3"}],"curies":[{"name":"wp","href":"https:\/\/api.w.org\/{rel}","templated":true}]}}