{"id":13845,"date":"2024-12-18T16:15:34","date_gmt":"2024-12-18T16:15:34","guid":{"rendered":"https:\/\/bmasc.com\/bmasc-pg\/?page_id=13845"},"modified":"2024-12-18T16:30:13","modified_gmt":"2024-12-18T16:30:13","slug":"politica-de-seguridadc","status":"publish","type":"page","link":"https:\/\/bmasc.com\/bmasc-pg\/index.php\/politica-de-seguridadc\/","title":{"rendered":"Pol\u00edtica de seguridad"},"content":{"rendered":"<div class=\"wpb-content-wrapper\"><p>[vc_row][vc_column]\r\n\t<div class=\"prelude-spacer clearfix\" data-desktop=\"150\" data-mobi=\"60\" data-smobi=\"60\"><\/div><div class=\"prelude-headings clearfix \"  style=\"\"><h1 class=\"heading clearfix \" style=\"font-weight:500;color:#2b5286;letter-spacing:0.25px;margin-bottom:15px;\">\r\n\t\tPol\u00edtica de seguridad\r\n\t<\/h1><\/div>\r\n\t<div class=\"prelude-spacer clearfix\" data-desktop=\"40\" data-mobi=\"50\" data-smobi=\"50\"><\/div>[vc_column_text]Desarrollar y ejecutar acciones preventivas destinadas a evitar el contrabando de mercanc\u00edas, narcotr\u00e1fico y terrorismo a trav\u00e9s del comercio de nuestra organizaci\u00f3n, as\u00ed como realizar una revisi\u00f3n anual de la presente pol\u00edtica de seguridad del sistema de gesti\u00f3n en control y seguridad en la cadena de suministros, basando nuestra evaluaci\u00f3n en la efectividad del an\u00e1lisis de riesgo de todas las \u00e1reas de la organizaci\u00f3n.<\/p>\n<p style=\"text-align: justify;\"><span>.<\/span><\/p>\n<p>[\/vc_column_text][\/vc_column][\/vc_row]<\/p>\n<\/div>","protected":false},"excerpt":{"rendered":"<p>[vc_row][vc_column][vc_column_text]Desarrollar y ejecutar acciones preventivas destinadas a evitar el contrabando de mercanc\u00edas, narcotr\u00e1fico y terrorismo a trav\u00e9s del comercio de nuestra organizaci\u00f3n, as\u00ed como realizar una revisi\u00f3n anual de la presente pol\u00edtica de seguridad del sistema de gesti\u00f3n en control y seguridad en la cadena de suministros, basando nuestra evaluaci\u00f3n<\/p>\n","protected":false},"author":1,"featured_media":0,"parent":0,"menu_order":2,"comment_status":"closed","ping_status":"open","template":"","meta":{"footnotes":""},"yoast_head":"<!-- This site is optimized with the Yoast SEO plugin v23.0 - https:\/\/yoast.com\/wordpress\/plugins\/seo\/ -->\n<title>Pol\u00edtica de seguridad - BMASC<\/title>\n<meta name=\"robots\" content=\"index, follow, max-snippet:-1, max-image-preview:large, max-video-preview:-1\" \/>\n<link rel=\"canonical\" href=\"https:\/\/bmasc.com\/bmasc-pg\/index.php\/politica-de-seguridadc\/\" \/>\n<meta property=\"og:locale\" content=\"es_ES\" \/>\n<meta property=\"og:type\" content=\"article\" \/>\n<meta property=\"og:title\" content=\"Pol\u00edtica de seguridad - BMASC\" \/>\n<meta property=\"og:description\" content=\"[vc_row][vc_column][vc_column_text]Desarrollar y ejecutar acciones preventivas destinadas a evitar el contrabando de mercanc\u00edas, narcotr\u00e1fico y terrorismo a trav\u00e9s del comercio de nuestra organizaci\u00f3n, as\u00ed como realizar una revisi\u00f3n anual de la presente pol\u00edtica de seguridad del sistema de gesti\u00f3n en control y seguridad en la cadena de suministros, basando nuestra evaluaci\u00f3n\" \/>\n<meta property=\"og:url\" content=\"https:\/\/bmasc.com\/bmasc-pg\/index.php\/politica-de-seguridadc\/\" \/>\n<meta property=\"og:site_name\" content=\"BMASC\" \/>\n<meta property=\"article:modified_time\" content=\"2024-12-18T16:30:13+00:00\" \/>\n<meta name=\"twitter:card\" content=\"summary_large_image\" \/>\n<meta name=\"twitter:label1\" content=\"Tiempo de lectura\" \/>\n\t<meta name=\"twitter:data1\" content=\"1 minuto\" \/>\n<script type=\"application\/ld+json\" class=\"yoast-schema-graph\">{\"@context\":\"https:\/\/schema.org\",\"@graph\":[{\"@type\":\"WebPage\",\"@id\":\"https:\/\/bmasc.com\/bmasc-pg\/index.php\/politica-de-seguridadc\/\",\"url\":\"https:\/\/bmasc.com\/bmasc-pg\/index.php\/politica-de-seguridadc\/\",\"name\":\"Pol\u00edtica de seguridad - BMASC\",\"isPartOf\":{\"@id\":\"https:\/\/bmasc.com\/bmasc-pg\/#website\"},\"datePublished\":\"2024-12-18T16:15:34+00:00\",\"dateModified\":\"2024-12-18T16:30:13+00:00\",\"breadcrumb\":{\"@id\":\"https:\/\/bmasc.com\/bmasc-pg\/index.php\/politica-de-seguridadc\/#breadcrumb\"},\"inLanguage\":\"es\",\"potentialAction\":[{\"@type\":\"ReadAction\",\"target\":[\"https:\/\/bmasc.com\/bmasc-pg\/index.php\/politica-de-seguridadc\/\"]}]},{\"@type\":\"BreadcrumbList\",\"@id\":\"https:\/\/bmasc.com\/bmasc-pg\/index.php\/politica-de-seguridadc\/#breadcrumb\",\"itemListElement\":[{\"@type\":\"ListItem\",\"position\":1,\"name\":\"Portada\",\"item\":\"https:\/\/bmasc.com\/bmasc-pg\/\"},{\"@type\":\"ListItem\",\"position\":2,\"name\":\"Pol\u00edtica de seguridad\"}]},{\"@type\":\"WebSite\",\"@id\":\"https:\/\/bmasc.com\/bmasc-pg\/#website\",\"url\":\"https:\/\/bmasc.com\/bmasc-pg\/\",\"name\":\"BMASC\",\"description\":\"\",\"potentialAction\":[{\"@type\":\"SearchAction\",\"target\":{\"@type\":\"EntryPoint\",\"urlTemplate\":\"https:\/\/bmasc.com\/bmasc-pg\/?s={search_term_string}\"},\"query-input\":\"required name=search_term_string\"}],\"inLanguage\":\"es\"}]}<\/script>\n<!-- \/ Yoast SEO plugin. -->","yoast_head_json":{"title":"Pol\u00edtica de seguridad - BMASC","robots":{"index":"index","follow":"follow","max-snippet":"max-snippet:-1","max-image-preview":"max-image-preview:large","max-video-preview":"max-video-preview:-1"},"canonical":"https:\/\/bmasc.com\/bmasc-pg\/index.php\/politica-de-seguridadc\/","og_locale":"es_ES","og_type":"article","og_title":"Pol\u00edtica de seguridad - BMASC","og_description":"[vc_row][vc_column][vc_column_text]Desarrollar y ejecutar acciones preventivas destinadas a evitar el contrabando de mercanc\u00edas, narcotr\u00e1fico y terrorismo a trav\u00e9s del comercio de nuestra organizaci\u00f3n, as\u00ed como realizar una revisi\u00f3n anual de la presente pol\u00edtica de seguridad del sistema de gesti\u00f3n en control y seguridad en la cadena de suministros, basando nuestra evaluaci\u00f3n","og_url":"https:\/\/bmasc.com\/bmasc-pg\/index.php\/politica-de-seguridadc\/","og_site_name":"BMASC","article_modified_time":"2024-12-18T16:30:13+00:00","twitter_card":"summary_large_image","twitter_misc":{"Tiempo de lectura":"1 minuto"},"schema":{"@context":"https:\/\/schema.org","@graph":[{"@type":"WebPage","@id":"https:\/\/bmasc.com\/bmasc-pg\/index.php\/politica-de-seguridadc\/","url":"https:\/\/bmasc.com\/bmasc-pg\/index.php\/politica-de-seguridadc\/","name":"Pol\u00edtica de seguridad - BMASC","isPartOf":{"@id":"https:\/\/bmasc.com\/bmasc-pg\/#website"},"datePublished":"2024-12-18T16:15:34+00:00","dateModified":"2024-12-18T16:30:13+00:00","breadcrumb":{"@id":"https:\/\/bmasc.com\/bmasc-pg\/index.php\/politica-de-seguridadc\/#breadcrumb"},"inLanguage":"es","potentialAction":[{"@type":"ReadAction","target":["https:\/\/bmasc.com\/bmasc-pg\/index.php\/politica-de-seguridadc\/"]}]},{"@type":"BreadcrumbList","@id":"https:\/\/bmasc.com\/bmasc-pg\/index.php\/politica-de-seguridadc\/#breadcrumb","itemListElement":[{"@type":"ListItem","position":1,"name":"Portada","item":"https:\/\/bmasc.com\/bmasc-pg\/"},{"@type":"ListItem","position":2,"name":"Pol\u00edtica de seguridad"}]},{"@type":"WebSite","@id":"https:\/\/bmasc.com\/bmasc-pg\/#website","url":"https:\/\/bmasc.com\/bmasc-pg\/","name":"BMASC","description":"","potentialAction":[{"@type":"SearchAction","target":{"@type":"EntryPoint","urlTemplate":"https:\/\/bmasc.com\/bmasc-pg\/?s={search_term_string}"},"query-input":"required name=search_term_string"}],"inLanguage":"es"}]}},"_links":{"self":[{"href":"https:\/\/bmasc.com\/bmasc-pg\/index.php\/wp-json\/wp\/v2\/pages\/13845"}],"collection":[{"href":"https:\/\/bmasc.com\/bmasc-pg\/index.php\/wp-json\/wp\/v2\/pages"}],"about":[{"href":"https:\/\/bmasc.com\/bmasc-pg\/index.php\/wp-json\/wp\/v2\/types\/page"}],"author":[{"embeddable":true,"href":"https:\/\/bmasc.com\/bmasc-pg\/index.php\/wp-json\/wp\/v2\/users\/1"}],"replies":[{"embeddable":true,"href":"https:\/\/bmasc.com\/bmasc-pg\/index.php\/wp-json\/wp\/v2\/comments?post=13845"}],"version-history":[{"count":3,"href":"https:\/\/bmasc.com\/bmasc-pg\/index.php\/wp-json\/wp\/v2\/pages\/13845\/revisions"}],"predecessor-version":[{"id":13851,"href":"https:\/\/bmasc.com\/bmasc-pg\/index.php\/wp-json\/wp\/v2\/pages\/13845\/revisions\/13851"}],"wp:attachment":[{"href":"https:\/\/bmasc.com\/bmasc-pg\/index.php\/wp-json\/wp\/v2\/media?parent=13845"}],"curies":[{"name":"wp","href":"https:\/\/api.w.org\/{rel}","templated":true}]}}