{"id":13787,"date":"2024-11-26T19:16:31","date_gmt":"2024-11-26T19:16:31","guid":{"rendered":"https:\/\/bmasc.com\/bmasc-pg\/?page_id=13787"},"modified":"2024-11-26T19:16:31","modified_gmt":"2024-11-26T19:16:31","slug":"politica-de-seguridad-en","status":"publish","type":"page","link":"https:\/\/bmasc.com\/bmasc-pg\/index.php\/politica-de-seguridad-en\/","title":{"rendered":"Pol\u00edtica de seguridad de la informaci\u00f3n"},"content":{"rendered":"<div class=\"wpb-content-wrapper\"><p>[vc_row][vc_column]\r\n\t<div class=\"prelude-spacer clearfix\" data-desktop=\"150\" data-mobi=\"60\" data-smobi=\"60\"><\/div><div class=\"prelude-headings clearfix \"  style=\"\"><h1 class=\"heading clearfix \" style=\"font-weight:500;color:#2b5286;letter-spacing:0.25px;margin-bottom:15px;\">\r\n\t\tPol\u00edtica de seguridad de la informaci\u00f3n\r\n\t<\/h1><\/div>\r\n\t<div class=\"prelude-spacer clearfix\" data-desktop=\"40\" data-mobi=\"50\" data-smobi=\"50\"><\/div>[vc_column_text]<strong>INTERACCI\u00d3N CON SOCIOS COMERCIALES Y CLIENTES EXTERNOS<\/strong><\/p>\n<ol>\n<li>Bufete Mexicano de Aduanas, SC est\u00e1 comprometido con redoblar esfuerzos para garantizar la seguridad cibern\u00e9tica.<\/li>\n<li>Nuestra organizaci\u00f3n se compromete a colaborar activamente con nuestros socios comerciales y clientes externos para garantizar la seguridad cibern\u00e9tica dentro de las cadenas de suministro, incluyendo:<\/li>\n<li>Compartir informaci\u00f3n, cuando sea necesario, sobre amenazas, vulnerabilidades y medidas preventivas.<\/li>\n<li>Actualizaciones peri\u00f3dicas sobre la seguridad de la red y el sistema<\/li>\n<li>Desarrollar mejores pr\u00e1cticas para fortalecer la resiliencia cibern\u00e9tica<\/li>\n<li>El equipo de soporte de la organizaci\u00f3n es el responsable de vigilar y actualizar los riesgos para la seguridad cibern\u00e9tica de conformidad a incidentes espec\u00edficos que se presenten y hacerla extensiva a todos nuestros clientes externos mediante reuniones, correos formales.<\/li>\n<\/ol>\n<p style=\"text-align: justify;\"><span>.<\/span><\/p>\n<p>[\/vc_column_text][\/vc_column][\/vc_row]<\/p>\n<\/div>","protected":false},"excerpt":{"rendered":"<p>[vc_row][vc_column][vc_column_text]INTERACCI\u00d3N CON SOCIOS COMERCIALES Y CLIENTES EXTERNOS Bufete Mexicano de Aduanas, SC est\u00e1 comprometido con redoblar esfuerzos para garantizar la seguridad cibern\u00e9tica. Nuestra organizaci\u00f3n se compromete a colaborar activamente con nuestros socios comerciales y clientes externos para garantizar la seguridad cibern\u00e9tica dentro de las cadenas de suministro, incluyendo: Compartir informaci\u00f3n,<\/p>\n","protected":false},"author":1,"featured_media":0,"parent":0,"menu_order":1,"comment_status":"closed","ping_status":"open","template":"","meta":{"footnotes":""},"yoast_head":"<!-- This site is optimized with the Yoast SEO plugin v23.0 - https:\/\/yoast.com\/wordpress\/plugins\/seo\/ -->\n<title>Pol\u00edtica de seguridad de la informaci\u00f3n - BMASC<\/title>\n<meta name=\"robots\" content=\"index, follow, max-snippet:-1, max-image-preview:large, max-video-preview:-1\" \/>\n<link rel=\"canonical\" href=\"https:\/\/bmasc.com\/bmasc-pg\/index.php\/politica-de-seguridad-en\/\" \/>\n<meta property=\"og:locale\" content=\"es_ES\" \/>\n<meta property=\"og:type\" content=\"article\" \/>\n<meta property=\"og:title\" content=\"Pol\u00edtica de seguridad de la informaci\u00f3n - BMASC\" \/>\n<meta property=\"og:description\" content=\"[vc_row][vc_column][vc_column_text]INTERACCI\u00d3N CON SOCIOS COMERCIALES Y CLIENTES EXTERNOS Bufete Mexicano de Aduanas, SC est\u00e1 comprometido con redoblar esfuerzos para garantizar la seguridad cibern\u00e9tica. Nuestra organizaci\u00f3n se compromete a colaborar activamente con nuestros socios comerciales y clientes externos para garantizar la seguridad cibern\u00e9tica dentro de las cadenas de suministro, incluyendo: Compartir informaci\u00f3n,\" \/>\n<meta property=\"og:url\" content=\"https:\/\/bmasc.com\/bmasc-pg\/index.php\/politica-de-seguridad-en\/\" \/>\n<meta property=\"og:site_name\" content=\"BMASC\" \/>\n<meta name=\"twitter:card\" content=\"summary_large_image\" \/>\n<meta name=\"twitter:label1\" content=\"Tiempo de lectura\" \/>\n\t<meta name=\"twitter:data1\" content=\"1 minuto\" \/>\n<script type=\"application\/ld+json\" class=\"yoast-schema-graph\">{\"@context\":\"https:\/\/schema.org\",\"@graph\":[{\"@type\":\"WebPage\",\"@id\":\"https:\/\/bmasc.com\/bmasc-pg\/index.php\/politica-de-seguridad-en\/\",\"url\":\"https:\/\/bmasc.com\/bmasc-pg\/index.php\/politica-de-seguridad-en\/\",\"name\":\"Pol\u00edtica de seguridad de la informaci\u00f3n - BMASC\",\"isPartOf\":{\"@id\":\"https:\/\/bmasc.com\/bmasc-pg\/#website\"},\"datePublished\":\"2024-11-26T19:16:31+00:00\",\"dateModified\":\"2024-11-26T19:16:31+00:00\",\"breadcrumb\":{\"@id\":\"https:\/\/bmasc.com\/bmasc-pg\/index.php\/politica-de-seguridad-en\/#breadcrumb\"},\"inLanguage\":\"es\",\"potentialAction\":[{\"@type\":\"ReadAction\",\"target\":[\"https:\/\/bmasc.com\/bmasc-pg\/index.php\/politica-de-seguridad-en\/\"]}]},{\"@type\":\"BreadcrumbList\",\"@id\":\"https:\/\/bmasc.com\/bmasc-pg\/index.php\/politica-de-seguridad-en\/#breadcrumb\",\"itemListElement\":[{\"@type\":\"ListItem\",\"position\":1,\"name\":\"Portada\",\"item\":\"https:\/\/bmasc.com\/bmasc-pg\/\"},{\"@type\":\"ListItem\",\"position\":2,\"name\":\"Pol\u00edtica de seguridad de la informaci\u00f3n\"}]},{\"@type\":\"WebSite\",\"@id\":\"https:\/\/bmasc.com\/bmasc-pg\/#website\",\"url\":\"https:\/\/bmasc.com\/bmasc-pg\/\",\"name\":\"BMASC\",\"description\":\"\",\"potentialAction\":[{\"@type\":\"SearchAction\",\"target\":{\"@type\":\"EntryPoint\",\"urlTemplate\":\"https:\/\/bmasc.com\/bmasc-pg\/?s={search_term_string}\"},\"query-input\":\"required name=search_term_string\"}],\"inLanguage\":\"es\"}]}<\/script>\n<!-- \/ Yoast SEO plugin. -->","yoast_head_json":{"title":"Pol\u00edtica de seguridad de la informaci\u00f3n - BMASC","robots":{"index":"index","follow":"follow","max-snippet":"max-snippet:-1","max-image-preview":"max-image-preview:large","max-video-preview":"max-video-preview:-1"},"canonical":"https:\/\/bmasc.com\/bmasc-pg\/index.php\/politica-de-seguridad-en\/","og_locale":"es_ES","og_type":"article","og_title":"Pol\u00edtica de seguridad de la informaci\u00f3n - BMASC","og_description":"[vc_row][vc_column][vc_column_text]INTERACCI\u00d3N CON SOCIOS COMERCIALES Y CLIENTES EXTERNOS Bufete Mexicano de Aduanas, SC est\u00e1 comprometido con redoblar esfuerzos para garantizar la seguridad cibern\u00e9tica. Nuestra organizaci\u00f3n se compromete a colaborar activamente con nuestros socios comerciales y clientes externos para garantizar la seguridad cibern\u00e9tica dentro de las cadenas de suministro, incluyendo: Compartir informaci\u00f3n,","og_url":"https:\/\/bmasc.com\/bmasc-pg\/index.php\/politica-de-seguridad-en\/","og_site_name":"BMASC","twitter_card":"summary_large_image","twitter_misc":{"Tiempo de lectura":"1 minuto"},"schema":{"@context":"https:\/\/schema.org","@graph":[{"@type":"WebPage","@id":"https:\/\/bmasc.com\/bmasc-pg\/index.php\/politica-de-seguridad-en\/","url":"https:\/\/bmasc.com\/bmasc-pg\/index.php\/politica-de-seguridad-en\/","name":"Pol\u00edtica de seguridad de la informaci\u00f3n - BMASC","isPartOf":{"@id":"https:\/\/bmasc.com\/bmasc-pg\/#website"},"datePublished":"2024-11-26T19:16:31+00:00","dateModified":"2024-11-26T19:16:31+00:00","breadcrumb":{"@id":"https:\/\/bmasc.com\/bmasc-pg\/index.php\/politica-de-seguridad-en\/#breadcrumb"},"inLanguage":"es","potentialAction":[{"@type":"ReadAction","target":["https:\/\/bmasc.com\/bmasc-pg\/index.php\/politica-de-seguridad-en\/"]}]},{"@type":"BreadcrumbList","@id":"https:\/\/bmasc.com\/bmasc-pg\/index.php\/politica-de-seguridad-en\/#breadcrumb","itemListElement":[{"@type":"ListItem","position":1,"name":"Portada","item":"https:\/\/bmasc.com\/bmasc-pg\/"},{"@type":"ListItem","position":2,"name":"Pol\u00edtica de seguridad de la informaci\u00f3n"}]},{"@type":"WebSite","@id":"https:\/\/bmasc.com\/bmasc-pg\/#website","url":"https:\/\/bmasc.com\/bmasc-pg\/","name":"BMASC","description":"","potentialAction":[{"@type":"SearchAction","target":{"@type":"EntryPoint","urlTemplate":"https:\/\/bmasc.com\/bmasc-pg\/?s={search_term_string}"},"query-input":"required name=search_term_string"}],"inLanguage":"es"}]}},"_links":{"self":[{"href":"https:\/\/bmasc.com\/bmasc-pg\/index.php\/wp-json\/wp\/v2\/pages\/13787"}],"collection":[{"href":"https:\/\/bmasc.com\/bmasc-pg\/index.php\/wp-json\/wp\/v2\/pages"}],"about":[{"href":"https:\/\/bmasc.com\/bmasc-pg\/index.php\/wp-json\/wp\/v2\/types\/page"}],"author":[{"embeddable":true,"href":"https:\/\/bmasc.com\/bmasc-pg\/index.php\/wp-json\/wp\/v2\/users\/1"}],"replies":[{"embeddable":true,"href":"https:\/\/bmasc.com\/bmasc-pg\/index.php\/wp-json\/wp\/v2\/comments?post=13787"}],"version-history":[{"count":1,"href":"https:\/\/bmasc.com\/bmasc-pg\/index.php\/wp-json\/wp\/v2\/pages\/13787\/revisions"}],"predecessor-version":[{"id":13788,"href":"https:\/\/bmasc.com\/bmasc-pg\/index.php\/wp-json\/wp\/v2\/pages\/13787\/revisions\/13788"}],"wp:attachment":[{"href":"https:\/\/bmasc.com\/bmasc-pg\/index.php\/wp-json\/wp\/v2\/media?parent=13787"}],"curies":[{"name":"wp","href":"https:\/\/api.w.org\/{rel}","templated":true}]}}