{"id":13265,"date":"2024-07-07T15:01:42","date_gmt":"2024-07-07T15:01:42","guid":{"rendered":"https:\/\/bmasc.com\/bmasc-pg\/?page_id=13265"},"modified":"2024-07-08T03:09:26","modified_gmt":"2024-07-08T03:09:26","slug":"electrico-y-electronicos","status":"publish","type":"page","link":"https:\/\/bmasc.com\/bmasc-pg\/index.php\/electrico-y-electronicos\/","title":{"rendered":"El\u00e9ctrico y electr\u00f3nicos"},"content":{"rendered":"<div class=\"wpb-content-wrapper\"><p>[vc_row css=\u00bb.vc_custom_1711947981145{background-image: url(https:\/\/integroqueretaro.store\/wp-content\/uploads\/2024\/04\/Sectorelectrico.jpg?id=13583) !important;}\u00bb][vc_column]\r\n\t<div class=\"prelude-spacer clearfix\" data-desktop=\"200\" data-mobi=\"100\" data-smobi=\"100\"><\/div>\r\n\t<div class=\"prelude-spacer clearfix\" data-desktop=\"70\" data-mobi=\"35\" data-smobi=\"35\"><\/div>[\/vc_column][\/vc_row][vc_row css=\u00bb.vc_custom_1711947994001{background-image: url(https:\/\/integroqueretaro.store\/wp-content\/uploads\/2024\/04\/Fondoelectronico.jpg?id=13558) !important;}\u00bb][vc_column]\r\n\t<div class=\"prelude-spacer clearfix\" data-desktop=\"50\" data-mobi=\"25\" data-smobi=\"25\"><\/div><div class=\"prelude-list clearfix icon-top\" >\r\n\t\t<div style=\"\">\r\n\t\t\t<span style=\"padding-left:40px;color:#ffffff\"><span class=\"icon \" style=\"color:#ffffff;font-size:25px;\">\r\n\t\t\t<i class=\"pe-7s-check\"><\/i>\r\n\t\t<\/span> <span style=\"font-size:20px;\">Contamos con la experiencia necesaria para el manejo adecuado de productos electr\u00f3nicos y el\u00e9ctricos as\u00ed como en la gestor\u00eda y apoyo para la <b>tramitaci\u00f3n y obtenci\u00f3n de permisos y certificaciones ante ANCE y\/o NYCE<\/b><\/span><\/span>\r\n\t\t<\/div>\r\n\t<\/div>\r\n\t<div class=\"prelude-spacer clearfix\" data-desktop=\"10\" data-mobi=\"5\" data-smobi=\"5\"><\/div><div class=\"prelude-list clearfix icon-top\" >\r\n\t\t<div style=\"\">\r\n\t\t\t<span style=\"padding-left:40px;color:#ffffff\"><span class=\"icon \" style=\"color:#ffffff;font-size:25px;\">\r\n\t\t\t<i class=\"pe-7s-check\"><\/i>\r\n\t\t<\/span> <span style=\"font-size:20px;\"><b>Equipo especializado de clasificaci\u00f3n y compilance<\/b> en estos productos, nos mantenemos al d\u00eda en el <b>cumplimiento de aspectos legales jur\u00eddicos<\/b> del sector<\/span><\/span>\r\n\t\t<\/div>\r\n\t<\/div>\r\n\t<div class=\"prelude-spacer clearfix\" data-desktop=\"10\" data-mobi=\"5\" data-smobi=\"5\"><\/div><div class=\"prelude-list clearfix icon-top\" >\r\n\t\t<div style=\"\">\r\n\t\t\t<span style=\"padding-left:40px;color:#ffffff\"><span class=\"icon \" style=\"color:#ffffff;font-size:25px;\">\r\n\t\t\t<i class=\"pe-7s-check\"><\/i>\r\n\t\t<\/span> <span style=\"font-size:20px;\">Actualmente ofrecemos el servicio a diversas empresas transnacionales del sector, con una experiencia de m\u00e1s de 16 a\u00f1os<\/span><\/span>\r\n\t\t<\/div>\r\n\t<\/div>\r\n\t<div class=\"prelude-spacer clearfix\" data-desktop=\"50\" data-mobi=\"25\" data-smobi=\"25\"><\/div>[\/vc_column][\/vc_row][vc_row][vc_column]\r\n\t<div class=\"prelude-spacer clearfix\" data-desktop=\"50\" data-mobi=\"25\" data-smobi=\"25\"><\/div>[\/vc_column][\/vc_row][vc_row][vc_column width=\u00bb1\/4&#8243;]<div class=\"prelude-icon-box clearfix icon-top align-left hover-style-1 link-hover-blue simple\" style=\"padding:32px 35px 44px 35px;border-radius:5px;border:1px solid #e7e7e7;\" ><div class=\"hover\" style=\"border-radius:5px;background-image:url(https:\/\/bmasc.com\/bmasc-pg\/wp-content\/uploads\/2024\/07\/Automotriz.jpg);\"><\/div><div class=\"wrap-inner\" style=\"position: relative;\"> <div class=\"content-wrap\"><h3 class=\"heading \" style=\"font-size:28px;margin-bottom:15px;\">\r\n\t\t\t<span>Automotriz<\/span>\r\n\t\t<\/h3><div class=\"desc\" style=\"color:#5e5d6c;margin-bottom:28px;\"><p>Somos el primer Agente Aduanal certificado por un Cl\u00faster Automotriz como proveedor de servicios.<\/p>\n<\/div><\/div><\/div><div class=\"url-wrap\" style=\"\">\r\n\t\t\t<a target=\"_self\" class=\"prelude-links link-style-3 dark\" href=\"https:\/\/bmasc.com\/bmasc-pg\/index.php\/automotriz\/\" style=\"\">\r\n\t\t\t\t<span class=\"text\">Ver m\u00e1s<\/span>\r\n\t\t\t<\/a>\r\n\t\t<\/div><\/div>\r\n\t<div class=\"prelude-spacer clearfix\" data-desktop=\"30\" data-mobi=\"15\" data-smobi=\"15\"><\/div>[\/vc_column][vc_column width=\u00bb1\/4&#8243;]<div class=\"prelude-icon-box clearfix icon-top align-left hover-style-1 link-hover-blue simple\" style=\"padding:32px 35px 44px 35px;border-radius:5px;border:1px solid #e7e7e7;\" ><div class=\"hover\" style=\"border-radius:5px;background-image:url(https:\/\/bmasc.com\/bmasc-pg\/wp-content\/uploads\/2024\/07\/Lacteos.jpg);\"><\/div><div class=\"wrap-inner\" style=\"position: relative;\"> <div class=\"content-wrap\"><h3 class=\"heading \" style=\"font-size:28px;margin-bottom:15px;\">\r\n\t\t\t<span>Alimentos y L\u00e1cteos<\/span>\r\n\t\t<\/h3><div class=\"desc\" style=\"color:#5e5d6c;margin-bottom:28px;\"><p>Somos especialistas en la importaci\u00f3n de productos l\u00e1cteos y derivados.<\/p>\n<\/div><\/div><\/div><div class=\"url-wrap\" style=\"\">\r\n\t\t\t<a target=\"_self\" class=\"prelude-links link-style-3 dark\" href=\"https:\/\/bmasc.com\/bmasc-pg\/index.php\/alimentos-y-lacteos\/\" style=\"\">\r\n\t\t\t\t<span class=\"text\">Ver m\u00e1s<\/span>\r\n\t\t\t<\/a>\r\n\t\t<\/div><\/div>\r\n\t<div class=\"prelude-spacer clearfix\" data-desktop=\"30\" data-mobi=\"15\" data-smobi=\"15\"><\/div>[\/vc_column][vc_column width=\u00bb1\/4&#8243;]<div class=\"prelude-icon-box clearfix icon-top align-left hover-style-1 link-hover-blue simple\" style=\"padding:32px 35px 44px 35px;border-radius:5px;border:1px solid #e7e7e7;\" ><div class=\"hover\" style=\"border-radius:5px;background-image:url(https:\/\/bmasc.com\/bmasc-pg\/wp-content\/uploads\/2024\/07\/Hidrocarburos.jpg);\"><\/div><div class=\"wrap-inner\" style=\"position: relative;\"> <div class=\"content-wrap\"><h3 class=\"heading \" style=\"font-size:28px;margin-bottom:15px;\">\r\n\t\t\t<span>Hidrocarburos<\/span>\r\n\t\t<\/h3><div class=\"desc\" style=\"color:#5e5d6c;margin-bottom:28px;\"><p>Especialistas en la importaci\u00f3n de hidrocarburos y derivados del petr\u00f3leo.<\/p>\n<\/div><\/div><\/div><div class=\"url-wrap\" style=\"\">\r\n\t\t\t<a target=\"_self\" class=\"prelude-links link-style-3 dark\" href=\"https:\/\/bmasc.com\/bmasc-pg\/index.php\/hidrocarburos\/\" style=\"\">\r\n\t\t\t\t<span class=\"text\">Ver m\u00e1s<\/span>\r\n\t\t\t<\/a>\r\n\t\t<\/div><\/div>\r\n\t<div class=\"prelude-spacer clearfix\" data-desktop=\"30\" data-mobi=\"15\" data-smobi=\"15\"><\/div>[\/vc_column][vc_column width=\u00bb1\/4&#8243;]<div class=\"prelude-icon-box clearfix icon-top align-left hover-style-1 link-hover-blue simple\" style=\"padding:32px 35px 44px 35px;border-radius:5px;border:1px solid #e7e7e7;\" ><div class=\"hover\" style=\"border-radius:5px;background-image:url(https:\/\/bmasc.com\/bmasc-pg\/wp-content\/uploads\/2024\/07\/Lujo.jpg);\"><\/div><div class=\"wrap-inner\" style=\"position: relative;\"> <div class=\"content-wrap\"><h3 class=\"heading \" style=\"font-size:28px;margin-bottom:15px;\">\r\n\t\t\t<span>Lujo<\/span>\r\n\t\t<\/h3><div class=\"desc\" style=\"color:#5e5d6c;margin-bottom:28px;\"><p>Especialistas en la importaci\u00f3n y exportaci\u00f3n de art\u00edculos de lujo.<\/p>\n<\/div><\/div><\/div><div class=\"url-wrap\" style=\"\">\r\n\t\t\t<a target=\"_self\" class=\"prelude-links link-style-3 dark\" href=\"https:\/\/bmasc.com\/bmasc-pg\/index.php\/articulos-de-lujo\/\" style=\"\">\r\n\t\t\t\t<span class=\"text\">Ver m\u00e1s<\/span>\r\n\t\t\t<\/a>\r\n\t\t<\/div><\/div>\r\n\t<div class=\"prelude-spacer clearfix\" data-desktop=\"30\" data-mobi=\"15\" data-smobi=\"15\"><\/div>[\/vc_column][\/vc_row][vc_row][vc_column width=\u00bb1\/4&#8243;]<div class=\"prelude-icon-box clearfix icon-top align-left hover-style-1 link-hover-blue simple\" style=\"padding:32px 35px 44px 35px;border-radius:5px;border:1px solid #e7e7e7;\" ><div class=\"hover\" style=\"border-radius:5px;background-image:url(https:\/\/bmasc.com\/bmasc-pg\/wp-content\/uploads\/2024\/07\/Electronicos.jpg);\"><\/div><div class=\"wrap-inner\" style=\"position: relative;\"> <div class=\"content-wrap\"><h3 class=\"heading \" style=\"font-size:28px;margin-bottom:15px;\">\r\n\t\t\t<span>El\u00e9ctrico y electr\u00f3nicos<\/span>\r\n\t\t<\/h3><div class=\"desc\" style=\"color:#5e5d6c;margin-bottom:28px;\"><p>Contamos con la experiencia necesaria para el manejo adecuado de productos electr\u00f3nicos.<\/p>\n<\/div><\/div><\/div><div class=\"url-wrap\" style=\"\">\r\n\t\t\t<a target=\"_self\" class=\"prelude-links link-style-3 dark\" href=\"https:\/\/bmasc.com\/bmasc-pg\/index.php\/electrico-y-electronicos\/\" style=\"\">\r\n\t\t\t\t<span class=\"text\">Ver m\u00e1s<\/span>\r\n\t\t\t<\/a>\r\n\t\t<\/div><\/div>\r\n\t<div class=\"prelude-spacer clearfix\" data-desktop=\"30\" data-mobi=\"15\" data-smobi=\"15\"><\/div>[\/vc_column][vc_column width=\u00bb1\/4&#8243;]<div class=\"prelude-icon-box clearfix icon-top align-left hover-style-1 link-hover-blue simple\" style=\"padding:32px 35px 44px 35px;border-radius:5px;border:1px solid #e7e7e7;\" ><div class=\"hover\" style=\"border-radius:5px;background-image:url(https:\/\/bmasc.com\/bmasc-pg\/wp-content\/uploads\/2024\/07\/Metalmecanica.jpg);\"><\/div><div class=\"wrap-inner\" style=\"position: relative;\"> <div class=\"content-wrap\"><h3 class=\"heading \" style=\"font-size:28px;margin-bottom:15px;\">\r\n\t\t\t<span>Metalmec\u00e1nica<\/span>\r\n\t\t<\/h3><div class=\"desc\" style=\"color:#5e5d6c;margin-bottom:28px;\"><p>Hemos impulsado y gestionado aduanalmente el desarrollo de la industria metalmec\u00e1nica.<\/p>\n<\/div><\/div><\/div><div class=\"url-wrap\" style=\"\">\r\n\t\t\t<a target=\"_self\" class=\"prelude-links link-style-3 dark\" href=\"https:\/\/bmasc.com\/bmasc-pg\/index.php\/metalmecanica\" style=\"\">\r\n\t\t\t\t<span class=\"text\">Ver m\u00e1s<\/span>\r\n\t\t\t<\/a>\r\n\t\t<\/div><\/div>\r\n\t<div class=\"prelude-spacer clearfix\" data-desktop=\"30\" data-mobi=\"15\" data-smobi=\"15\"><\/div>[\/vc_column][vc_column width=\u00bb1\/4&#8243;]<div class=\"prelude-icon-box clearfix icon-top align-left hover-style-1 link-hover-blue simple\" style=\"padding:32px 35px 44px 35px;border-radius:5px;border:1px solid #e7e7e7;\" ><div class=\"hover\" style=\"border-radius:5px;background-image:url(https:\/\/bmasc.com\/bmasc-pg\/wp-content\/uploads\/2024\/07\/Mineria.jpg);\"><\/div><div class=\"wrap-inner\" style=\"position: relative;\"> <div class=\"content-wrap\"><h3 class=\"heading \" style=\"font-size:28px;margin-bottom:15px;\">\r\n\t\t\t<span>Miner\u00eda<\/span>\r\n\t\t<\/h3><div class=\"desc\" style=\"color:#5e5d6c;margin-bottom:28px;\"><p>Contamos con el conocimiento requerido para la importaci\u00f3n de insumos para el sector minero.<\/p>\n<\/div><\/div><\/div><div class=\"url-wrap\" style=\"\">\r\n\t\t\t<a target=\"_self\" class=\"prelude-links link-style-3 dark\" href=\"https:\/\/bmasc.com\/bmasc-pg\/index.php\/mineria\/\" style=\"\">\r\n\t\t\t\t<span class=\"text\">Ver m\u00e1s<\/span>\r\n\t\t\t<\/a>\r\n\t\t<\/div><\/div>\r\n\t<div class=\"prelude-spacer clearfix\" data-desktop=\"30\" data-mobi=\"15\" data-smobi=\"15\"><\/div>[\/vc_column][vc_column width=\u00bb1\/4&#8243;]<div class=\"prelude-icon-box clearfix icon-top align-left hover-style-1 link-hover-blue simple\" style=\"padding:32px 35px 44px 35px;border-radius:5px;border:1px solid #e7e7e7;\" ><div class=\"hover\" style=\"border-radius:5px;background-image:url(https:\/\/bmasc.com\/bmasc-pg\/wp-content\/uploads\/2024\/07\/Quimica.jpg);\"><\/div><div class=\"wrap-inner\" style=\"position: relative;\"> <div class=\"content-wrap\"><h3 class=\"heading \" style=\"font-size:28px;margin-bottom:15px;\">\r\n\t\t\t<span>Qu\u00edmicos<\/span>\r\n\t\t<\/h3><div class=\"desc\" style=\"color:#5e5d6c;margin-bottom:28px;\"><p>Contamos con un \u00e1rea de clasificaci\u00f3n arancelaria especializada en productos para la industria qu\u00edmica.<\/p>\n<\/div><\/div><\/div><div class=\"url-wrap\" style=\"\">\r\n\t\t\t<a target=\"_self\" class=\"prelude-links link-style-3 dark\" href=\"https:\/\/bmasc.com\/bmasc-pg\/index.php\/quimicos\/\" style=\"\">\r\n\t\t\t\t<span class=\"text\">Ver m\u00e1s<\/span>\r\n\t\t\t<\/a>\r\n\t\t<\/div><\/div>\r\n\t<div class=\"prelude-spacer clearfix\" data-desktop=\"30\" data-mobi=\"15\" data-smobi=\"15\"><\/div>[\/vc_column][\/vc_row][vc_row][vc_column][vc_column_text][\/vc_column_text][\/vc_column][\/vc_row]<\/p>\n<\/div>","protected":false},"excerpt":{"rendered":"<p>[vc_row css=\u00bb.vc_custom_1711947981145{background-image: url(https:\/\/integroqueretaro.store\/wp-content\/uploads\/2024\/04\/Sectorelectrico.jpg?id=13583) !important;}\u00bb][vc_column][\/vc_column][\/vc_row][vc_row css=\u00bb.vc_custom_1711947994001{background-image: url(https:\/\/integroqueretaro.store\/wp-content\/uploads\/2024\/04\/Fondoelectronico.jpg?id=13558) !important;}\u00bb][vc_column][\/vc_column][\/vc_row][vc_row][vc_column][\/vc_column][\/vc_row][vc_row][vc_column width=\u00bb1\/4&#8243;][\/vc_column][vc_column width=\u00bb1\/4&#8243;][\/vc_column][vc_column width=\u00bb1\/4&#8243;][\/vc_column][vc_column width=\u00bb1\/4&#8243;][\/vc_column][\/vc_row][vc_row][vc_column width=\u00bb1\/4&#8243;][\/vc_column][vc_column width=\u00bb1\/4&#8243;][\/vc_column][vc_column width=\u00bb1\/4&#8243;][\/vc_column][vc_column width=\u00bb1\/4&#8243;][\/vc_column][\/vc_row][vc_row][vc_column][vc_column_text][\/vc_column_text][\/vc_column][\/vc_row]<\/p>\n","protected":false},"author":2,"featured_media":0,"parent":0,"menu_order":0,"comment_status":"closed","ping_status":"closed","template":"","meta":{"footnotes":""},"yoast_head":"<!-- This site is optimized with the Yoast SEO plugin v23.0 - https:\/\/yoast.com\/wordpress\/plugins\/seo\/ -->\n<title>El\u00e9ctrico y electr\u00f3nicos - BMASC<\/title>\n<meta name=\"robots\" content=\"index, follow, max-snippet:-1, max-image-preview:large, max-video-preview:-1\" \/>\n<link rel=\"canonical\" href=\"https:\/\/bmasc.com\/bmasc-pg\/index.php\/electrico-y-electronicos\/\" \/>\n<meta property=\"og:locale\" content=\"es_ES\" \/>\n<meta property=\"og:type\" content=\"article\" \/>\n<meta property=\"og:title\" content=\"El\u00e9ctrico y electr\u00f3nicos - BMASC\" \/>\n<meta property=\"og:description\" content=\"[vc_row css=\u00bb.vc_custom_1711947981145{background-image: url(https:\/\/integroqueretaro.store\/wp-content\/uploads\/2024\/04\/Sectorelectrico.jpg?id=13583) !important;}\u00bb][vc_column][\/vc_column][\/vc_row][vc_row css=\u00bb.vc_custom_1711947994001{background-image: url(https:\/\/integroqueretaro.store\/wp-content\/uploads\/2024\/04\/Fondoelectronico.jpg?id=13558) !important;}\u00bb][vc_column][\/vc_column][\/vc_row][vc_row][vc_column][\/vc_column][\/vc_row][vc_row][vc_column width=\u00bb1\/4&#8243;][\/vc_column][vc_column width=\u00bb1\/4&#8243;][\/vc_column][vc_column width=\u00bb1\/4&#8243;][\/vc_column][vc_column width=\u00bb1\/4&#8243;][\/vc_column][\/vc_row][vc_row][vc_column width=\u00bb1\/4&#8243;][\/vc_column][vc_column width=\u00bb1\/4&#8243;][\/vc_column][vc_column width=\u00bb1\/4&#8243;][\/vc_column][vc_column width=\u00bb1\/4&#8243;][\/vc_column][\/vc_row][vc_row][vc_column][vc_column_text][\/vc_column_text][\/vc_column][\/vc_row]\" \/>\n<meta property=\"og:url\" content=\"https:\/\/bmasc.com\/bmasc-pg\/index.php\/electrico-y-electronicos\/\" \/>\n<meta property=\"og:site_name\" content=\"BMASC\" \/>\n<meta property=\"article:modified_time\" content=\"2024-07-08T03:09:26+00:00\" \/>\n<meta name=\"twitter:card\" content=\"summary_large_image\" \/>\n<meta name=\"twitter:label1\" content=\"Tiempo de lectura\" \/>\n\t<meta name=\"twitter:data1\" content=\"3 minutos\" \/>\n<script type=\"application\/ld+json\" class=\"yoast-schema-graph\">{\"@context\":\"https:\/\/schema.org\",\"@graph\":[{\"@type\":\"WebPage\",\"@id\":\"https:\/\/bmasc.com\/bmasc-pg\/index.php\/electrico-y-electronicos\/\",\"url\":\"https:\/\/bmasc.com\/bmasc-pg\/index.php\/electrico-y-electronicos\/\",\"name\":\"El\u00e9ctrico y electr\u00f3nicos - BMASC\",\"isPartOf\":{\"@id\":\"https:\/\/bmasc.com\/bmasc-pg\/#website\"},\"datePublished\":\"2024-07-07T15:01:42+00:00\",\"dateModified\":\"2024-07-08T03:09:26+00:00\",\"breadcrumb\":{\"@id\":\"https:\/\/bmasc.com\/bmasc-pg\/index.php\/electrico-y-electronicos\/#breadcrumb\"},\"inLanguage\":\"es\",\"potentialAction\":[{\"@type\":\"ReadAction\",\"target\":[\"https:\/\/bmasc.com\/bmasc-pg\/index.php\/electrico-y-electronicos\/\"]}]},{\"@type\":\"BreadcrumbList\",\"@id\":\"https:\/\/bmasc.com\/bmasc-pg\/index.php\/electrico-y-electronicos\/#breadcrumb\",\"itemListElement\":[{\"@type\":\"ListItem\",\"position\":1,\"name\":\"Portada\",\"item\":\"https:\/\/bmasc.com\/bmasc-pg\/\"},{\"@type\":\"ListItem\",\"position\":2,\"name\":\"El\u00e9ctrico y electr\u00f3nicos\"}]},{\"@type\":\"WebSite\",\"@id\":\"https:\/\/bmasc.com\/bmasc-pg\/#website\",\"url\":\"https:\/\/bmasc.com\/bmasc-pg\/\",\"name\":\"BMASC\",\"description\":\"\",\"potentialAction\":[{\"@type\":\"SearchAction\",\"target\":{\"@type\":\"EntryPoint\",\"urlTemplate\":\"https:\/\/bmasc.com\/bmasc-pg\/?s={search_term_string}\"},\"query-input\":\"required name=search_term_string\"}],\"inLanguage\":\"es\"}]}<\/script>\n<!-- \/ Yoast SEO plugin. -->","yoast_head_json":{"title":"El\u00e9ctrico y electr\u00f3nicos - BMASC","robots":{"index":"index","follow":"follow","max-snippet":"max-snippet:-1","max-image-preview":"max-image-preview:large","max-video-preview":"max-video-preview:-1"},"canonical":"https:\/\/bmasc.com\/bmasc-pg\/index.php\/electrico-y-electronicos\/","og_locale":"es_ES","og_type":"article","og_title":"El\u00e9ctrico y electr\u00f3nicos - BMASC","og_description":"[vc_row css=\u00bb.vc_custom_1711947981145{background-image: url(https:\/\/integroqueretaro.store\/wp-content\/uploads\/2024\/04\/Sectorelectrico.jpg?id=13583) !important;}\u00bb][vc_column][\/vc_column][\/vc_row][vc_row css=\u00bb.vc_custom_1711947994001{background-image: url(https:\/\/integroqueretaro.store\/wp-content\/uploads\/2024\/04\/Fondoelectronico.jpg?id=13558) !important;}\u00bb][vc_column][\/vc_column][\/vc_row][vc_row][vc_column][\/vc_column][\/vc_row][vc_row][vc_column width=\u00bb1\/4&#8243;][\/vc_column][vc_column width=\u00bb1\/4&#8243;][\/vc_column][vc_column width=\u00bb1\/4&#8243;][\/vc_column][vc_column width=\u00bb1\/4&#8243;][\/vc_column][\/vc_row][vc_row][vc_column width=\u00bb1\/4&#8243;][\/vc_column][vc_column width=\u00bb1\/4&#8243;][\/vc_column][vc_column width=\u00bb1\/4&#8243;][\/vc_column][vc_column width=\u00bb1\/4&#8243;][\/vc_column][\/vc_row][vc_row][vc_column][vc_column_text][\/vc_column_text][\/vc_column][\/vc_row]","og_url":"https:\/\/bmasc.com\/bmasc-pg\/index.php\/electrico-y-electronicos\/","og_site_name":"BMASC","article_modified_time":"2024-07-08T03:09:26+00:00","twitter_card":"summary_large_image","twitter_misc":{"Tiempo de lectura":"3 minutos"},"schema":{"@context":"https:\/\/schema.org","@graph":[{"@type":"WebPage","@id":"https:\/\/bmasc.com\/bmasc-pg\/index.php\/electrico-y-electronicos\/","url":"https:\/\/bmasc.com\/bmasc-pg\/index.php\/electrico-y-electronicos\/","name":"El\u00e9ctrico y electr\u00f3nicos - BMASC","isPartOf":{"@id":"https:\/\/bmasc.com\/bmasc-pg\/#website"},"datePublished":"2024-07-07T15:01:42+00:00","dateModified":"2024-07-08T03:09:26+00:00","breadcrumb":{"@id":"https:\/\/bmasc.com\/bmasc-pg\/index.php\/electrico-y-electronicos\/#breadcrumb"},"inLanguage":"es","potentialAction":[{"@type":"ReadAction","target":["https:\/\/bmasc.com\/bmasc-pg\/index.php\/electrico-y-electronicos\/"]}]},{"@type":"BreadcrumbList","@id":"https:\/\/bmasc.com\/bmasc-pg\/index.php\/electrico-y-electronicos\/#breadcrumb","itemListElement":[{"@type":"ListItem","position":1,"name":"Portada","item":"https:\/\/bmasc.com\/bmasc-pg\/"},{"@type":"ListItem","position":2,"name":"El\u00e9ctrico y electr\u00f3nicos"}]},{"@type":"WebSite","@id":"https:\/\/bmasc.com\/bmasc-pg\/#website","url":"https:\/\/bmasc.com\/bmasc-pg\/","name":"BMASC","description":"","potentialAction":[{"@type":"SearchAction","target":{"@type":"EntryPoint","urlTemplate":"https:\/\/bmasc.com\/bmasc-pg\/?s={search_term_string}"},"query-input":"required name=search_term_string"}],"inLanguage":"es"}]}},"_links":{"self":[{"href":"https:\/\/bmasc.com\/bmasc-pg\/index.php\/wp-json\/wp\/v2\/pages\/13265"}],"collection":[{"href":"https:\/\/bmasc.com\/bmasc-pg\/index.php\/wp-json\/wp\/v2\/pages"}],"about":[{"href":"https:\/\/bmasc.com\/bmasc-pg\/index.php\/wp-json\/wp\/v2\/types\/page"}],"author":[{"embeddable":true,"href":"https:\/\/bmasc.com\/bmasc-pg\/index.php\/wp-json\/wp\/v2\/users\/2"}],"replies":[{"embeddable":true,"href":"https:\/\/bmasc.com\/bmasc-pg\/index.php\/wp-json\/wp\/v2\/comments?post=13265"}],"version-history":[{"count":4,"href":"https:\/\/bmasc.com\/bmasc-pg\/index.php\/wp-json\/wp\/v2\/pages\/13265\/revisions"}],"predecessor-version":[{"id":13399,"href":"https:\/\/bmasc.com\/bmasc-pg\/index.php\/wp-json\/wp\/v2\/pages\/13265\/revisions\/13399"}],"wp:attachment":[{"href":"https:\/\/bmasc.com\/bmasc-pg\/index.php\/wp-json\/wp\/v2\/media?parent=13265"}],"curies":[{"name":"wp","href":"https:\/\/api.w.org\/{rel}","templated":true}]}}