{"id":1326,"date":"2017-10-16T13:06:09","date_gmt":"2017-10-16T13:06:09","guid":{"rendered":"http:\/\/ninzio.com\/prelude\/?page_id=1326"},"modified":"2024-08-26T22:23:02","modified_gmt":"2024-08-26T22:23:02","slug":"servicios","status":"publish","type":"page","link":"https:\/\/bmasc.com\/bmasc-pg\/index.php\/servicios\/","title":{"rendered":"Servicios"},"content":{"rendered":"<div class=\"wpb-content-wrapper\"><p>[vc_row full_width=\u00bbstretch_row\u00bb][vc_column]\r\n\t<div class=\"prelude-spacer clearfix\" data-desktop=\"150\" data-mobi=\"60\" data-smobi=\"60\"><\/div>[vc_column_text]<\/p>\n<h2 style=\"max-width: 800px; text-align: center; font-weight: 600; margin: 0 auto 10px;\">Servicios<\/h2>\n<p>[\/vc_column_text]<div class=\"prelude-headings clearfix text-center\"  style=\"\"><p class=\"sub-heading clearfix\" style=\"font-style:normal;color:#5e5d6c;font-size:18px;line-height:28px;max-width:800px;margin-left: auto; margin-right: auto;\">\r\n\t\tConoce lo que podemos hacer por tu negocio\r\n\t<\/p><\/div>\r\n\t<div class=\"prelude-spacer clearfix\" data-desktop=\"93\" data-mobi=\"60\" data-smobi=\"60\"><\/div>[vc_row_inner][vc_column_inner width=\u00bb1\/4&#8243;]<div class=\"prelude-content-box clearfix  wow fadeInUp\" data-padding=\"50px 36px 37px\" data-mobipadding=\"50px 36px 37px\" data-margin=\"\" data-mobimargin=\"\"  data-wow-duration=\"0.75s\" data-wow-delay=\"0s\">\r\n\t\t<div class=\"inner ctb-1910155245\" style=\"\"  data-background=\"#ffffff\" data-rounded=\"20px\" data-border-color=\"#ffffff\" data-border-width=\"0px 0px 5px 0px\" data-shadow=\" 0px 5px 90px 0px rgba(110,123,131,0.1)\" data-border-color-hover=\"#2b5286\" data-translatey=\"-10\">\r\n\t\t\t<div class=\"prelude-icon-box clearfix icon-top align-center  link-hover-accent simple\" style=\"\" ><div class=\"wrap-inner\" style=\"position: relative;\"><div class=\"prelude-icon icon-108634171 icon-font custom custom\"  data-icon=\"#2b5286\" data-background=\"\">\r\n\t\t\t<span class=\"icon\" style=\"font-size:50px;width:60px;height:60px;border-style:solid;line-height:60px;\"><i class=\"preico-conversation\"><\/i><\/span>\r\n\t\t<\/div> <div class=\"content-wrap\"><h2 class=\"heading \" style=\"font-size:22px;margin-top:15px;margin-bottom:16px;\">\r\n\t\t\t<span>Agencia aduanal<\/span>\r\n\t\t<\/h2><\/div><\/div><div class=\"url-wrap\" style=\"\">\r\n\t\t\t<a target=\"_self\" class=\"prelude-button big btn-854755023 custom custom outline solid custom\" href=\"https:\/\/integroqueretaro.store\/agenciaaduanal\" style=\"border-radius:20px;border-width:1px;\"  data-background=\"#2b5286\" data-text=\"#ffffff\" data-border=\"\" data-text-hover=\"#2b5286\" data-background-hover=\"#eaeaea\">Ver m\u00e1s<\/a>\r\n\t\t<\/div><\/div>\r\n\t\t<\/div>\r\n\t<\/div>\r\n\t<div class=\"prelude-spacer clearfix\" data-desktop=\"30\" data-mobi=\"15\" data-smobi=\"15\"><\/div>[\/vc_column_inner][vc_column_inner width=\u00bb1\/4&#8243;]<div class=\"prelude-content-box clearfix  wow fadeInUp\" data-padding=\"50px 36px 37px\" data-mobipadding=\"50px 36px 37px\" data-margin=\"\" data-mobimargin=\"\"  data-wow-duration=\"0.75s\" data-wow-delay=\"0.3s\">\r\n\t\t<div class=\"inner ctb-2104951506\" style=\"\"  data-background=\"#ffffff\" data-rounded=\"20px\" data-border-color=\"#ffffff\" data-border-width=\"0px 0px 5px 0px\" data-shadow=\" 0px 5px 90px 0px rgba(110,123,131,0.1)\" data-border-color-hover=\"#2b5286\" data-translatey=\"-10\">\r\n\t\t\t<div class=\"prelude-icon-box clearfix icon-top align-center  link-hover-accent simple\" style=\"\" ><div class=\"wrap-inner\" style=\"position: relative;\"><div class=\"prelude-icon icon-1935749777 icon-font custom custom\"  data-icon=\"#2b5286\" data-background=\"\">\r\n\t\t\t<span class=\"icon\" style=\"font-size:50px;width:60px;height:60px;border-style:solid;line-height:60px;\"><i class=\"preico-check-list\"><\/i><\/span>\r\n\t\t<\/div> <div class=\"content-wrap\"><h2 class=\"heading \" style=\"font-size:22px;margin-top:15px;margin-bottom:16px;\">\r\n\t\t\t<span>Consultor\u00eda<\/span>\r\n\t\t<\/h2><\/div><\/div><div class=\"url-wrap\" style=\"\">\r\n\t\t\t<a target=\"_self\" class=\"prelude-button big btn-354912133 custom custom outline solid custom\" href=\"https:\/\/integroqueretaro.store\/consultoria\" style=\"border-radius:20px;border-width:1px;\"  data-background=\"#2b5286\" data-text=\"#ffffff\" data-border=\"\" data-text-hover=\"#2b5286\" data-background-hover=\"#eaeaea\">Ver m\u00e1s<\/a>\r\n\t\t<\/div><\/div>\r\n\t\t<\/div>\r\n\t<\/div>\r\n\t<div class=\"prelude-spacer clearfix\" data-desktop=\"30\" data-mobi=\"15\" data-smobi=\"15\"><\/div>[\/vc_column_inner][vc_column_inner width=\u00bb1\/4&#8243;]<div class=\"prelude-content-box clearfix  wow fadeInUp\" data-padding=\"50px 36px 37px\" data-mobipadding=\"50px 36px 37px\" data-margin=\"\" data-mobimargin=\"\"  data-wow-duration=\"0.75s\" data-wow-delay=\"0.3s\">\r\n\t\t<div class=\"inner ctb-1827447614\" style=\"\"  data-background=\"#ffffff\" data-rounded=\"20px\" data-border-color=\"#ffffff\" data-border-width=\"0px 0px 5px 0px\" data-border-color-hover=\"#2b5286\" data-translatey=\"-10\">\r\n\t\t\t<div class=\"prelude-icon-box clearfix icon-top align-center  link-hover-accent simple\" style=\"\" ><div class=\"wrap-inner\" style=\"position: relative;\"><div class=\"prelude-icon icon-2093144736 icon-font custom custom\"  data-icon=\"#2b5286\" data-background=\"\" data-border=\"#2b5286\">\r\n\t\t\t<span class=\"icon\" style=\"font-size:50px;width:60px;height:60px;border-style:solid;border-radius:30px;line-height:60px;\"><i class=\"fas fa-warehouse\"><\/i><\/span>\r\n\t\t<\/div> <div class=\"content-wrap\"><h2 class=\"heading \" style=\"font-size:22px;margin-top:15px;margin-bottom:16px;\">\r\n\t\t\t<span>Forwarding &amp; CEDIS<\/span>\r\n\t\t<\/h2><\/div><\/div><div class=\"url-wrap\" style=\"\">\r\n\t\t\t<a target=\"_self\" class=\"prelude-button big btn-280952118 custom custom outline solid custom\" href=\"https:\/\/integroqueretaro.store\/forwarding\" style=\"border-radius:20px;border-width:1px;\"  data-background=\"#2b5286\" data-text=\"#ffffff\" data-border=\"\" data-text-hover=\"#2b5286\" data-background-hover=\"#eaeaea\">Ver m\u00e1s<\/a>\r\n\t\t<\/div><\/div>\r\n\t\t<\/div>\r\n\t<\/div>\r\n\t<div class=\"prelude-spacer clearfix\" data-desktop=\"30\" data-mobi=\"15\" data-smobi=\"15\"><\/div>[\/vc_column_inner][vc_column_inner width=\u00bb1\/4&#8243;]<div class=\"prelude-content-box clearfix  wow fadeInUp\" data-padding=\"50px 36px 37px\" data-mobipadding=\"\" data-margin=\"\" data-mobimargin=\"\"  data-wow-duration=\"0.75s\" data-wow-delay=\"0.3s\">\r\n\t\t<div class=\"inner ctb-1123180535\" style=\"\"  data-background=\"#ffffff\" data-rounded=\"20px\" data-border-width=\"0px 0px 5px 0px\" data-border-color-hover=\"#2b5286\" data-translatey=\"-10\">\r\n\t\t\t<div class=\"prelude-icon-box clearfix icon-top align-center  link-hover-accent simple\" style=\"\" ><div class=\"wrap-inner\" style=\"position: relative;\"><div class=\"prelude-icon icon-1410208294 icon-font custom custom\"  data-icon=\"#2b5286\" data-background=\"\">\r\n\t\t\t<span class=\"icon\" style=\"font-size:50px;width:60px;height:60px;border-style:solid;line-height:60px;\"><i class=\"preico-worldwide\"><\/i><\/span>\r\n\t\t<\/div> <div class=\"content-wrap\"><h2 class=\"heading \" style=\"font-size:22px;margin-top:15px;margin-bottom:16px;\">\r\n\t\t\t<span>BMA Logistics<\/span>\r\n\t\t<\/h2><\/div><\/div><div class=\"url-wrap\" style=\"\">\r\n\t\t\t<a target=\"_self\" class=\"prelude-button big btn-981231755 custom custom outline solid custom\" href=\"https:\/\/integroqueretaro.store\/bmalogistics\" style=\"border-radius:20px;border-width:1px;\"  data-background=\"#2b5286\" data-text=\"#ffffff\" data-border=\"\" data-text-hover=\"#2b5286\" data-background-hover=\"#eaeaea\">Ver m\u00e1s<\/a>\r\n\t\t<\/div><\/div>\r\n\t<div class=\"prelude-spacer clearfix\" data-desktop=\"30\" data-mobi=\"15\" data-smobi=\"15\"><\/div>\r\n\t\t<\/div>\r\n\t<\/div>[\/vc_column_inner][\/vc_row_inner]\r\n\t<div class=\"prelude-spacer clearfix\" data-desktop=\"100\" data-mobi=\"60\" data-smobi=\"60\"><\/div>[\/vc_column][\/vc_row][vc_row css=\u00bb.vc_custom_1722354716922{background-image: url(https:\/\/integroqueretaro.store\/wp-content\/uploads\/2024\/03\/Especializacion_2.jpg?id=13362) !important;background-position: center !important;background-repeat: no-repeat !important;background-size: contain !important;}\u00bb][vc_column]\r\n\t<div class=\"prelude-spacer clearfix\" data-desktop=\"200\" data-mobi=\"120\" data-smobi=\"120\"><\/div><div class=\"prelude-simple-image simple \" style=\"text-align:center; margin:0 auto;\">\r\n\t\t\t\t<img decoding=\"async\" alt=\"image\" src=\"https:\/\/bmasc.com\/bmasc-pg\/wp-content\/uploads\/2024\/07\/Puntos.png\" \/> \r\n\t\t\t<\/div>[vc_column_text]<\/p>\n<h2 style=\"max-width: 900px; margin: 0 auto 8px; font-weight: 600; font-size: 42px; text-align: center;\"><span style=\"color: #2b5286;\">Contamos con una amplia <\/span>experiencia en sectores industriales como:<\/h2>\n<p>[\/vc_column_text]\r\n\t<div class=\"prelude-spacer clearfix\" data-desktop=\"94\" data-mobi=\"40\" data-smobi=\"40\"><\/div>[\/vc_column][\/vc_row][vc_row][vc_column width=\u00bb1\/4&#8243;]<div class=\"prelude-icon-box clearfix icon-top align-left hover-style-1 link-hover-blue simple\" style=\"padding:32px 35px 44px 35px;border-radius:5px;border:1px solid #e7e7e7;\" ><div class=\"hover\" style=\"border-radius:5px;background-image:url(https:\/\/bmasc.com\/bmasc-pg\/wp-content\/uploads\/2024\/07\/Automotriz.jpg);\"><\/div><div class=\"wrap-inner\" style=\"position: relative;\"> <div class=\"content-wrap\"><h3 class=\"heading \" style=\"font-size:28px;margin-bottom:15px;\">\r\n\t\t\t<span>Automotriz<\/span>\r\n\t\t<\/h3><div class=\"desc\" style=\"color:#5e5d6c;margin-bottom:28px;\"><p>Somos el primer Agente Aduanal certificado por un Cl\u00faster Automotriz como proveedor de servicios.<\/p>\n<\/div><\/div><\/div><div class=\"url-wrap\" style=\"\">\r\n\t\t\t<a target=\"_self\" class=\"prelude-links link-style-3 dark\" href=\"https:\/\/bmasc.com\/bmasc-pg\/index.php\/automotriz\/\" style=\"\">\r\n\t\t\t\t<span class=\"text\">Ver m\u00e1s<\/span>\r\n\t\t\t<\/a>\r\n\t\t<\/div><\/div>\r\n\t<div class=\"prelude-spacer clearfix\" data-desktop=\"30\" data-mobi=\"15\" data-smobi=\"15\"><\/div>[\/vc_column][vc_column width=\u00bb1\/4&#8243;]<div class=\"prelude-icon-box clearfix icon-top align-left hover-style-1 link-hover-blue simple\" style=\"padding:32px 35px 44px 35px;border-radius:5px;border:1px solid #e7e7e7;\" ><div class=\"hover\" style=\"border-radius:5px;background-image:url(https:\/\/bmasc.com\/bmasc-pg\/wp-content\/uploads\/2024\/07\/Lacteos.jpg);\"><\/div><div class=\"wrap-inner\" style=\"position: relative;\"> <div class=\"content-wrap\"><h3 class=\"heading \" style=\"font-size:28px;margin-bottom:15px;\">\r\n\t\t\t<span>Alimentos y L\u00e1cteos<\/span>\r\n\t\t<\/h3><div class=\"desc\" style=\"color:#5e5d6c;margin-bottom:28px;\"><p>Somos especialistas en la importaci\u00f3n de productos l\u00e1cteos y derivados.<\/p>\n<\/div><\/div><\/div><div class=\"url-wrap\" style=\"\">\r\n\t\t\t<a target=\"_self\" class=\"prelude-links link-style-3 dark\" href=\"https:\/\/bmasc.com\/bmasc-pg\/index.php\/alimentos-y-lacteos\/\" style=\"\">\r\n\t\t\t\t<span class=\"text\">Ver m\u00e1s<\/span>\r\n\t\t\t<\/a>\r\n\t\t<\/div><\/div>\r\n\t<div class=\"prelude-spacer clearfix\" data-desktop=\"30\" data-mobi=\"15\" data-smobi=\"15\"><\/div>[\/vc_column][vc_column width=\u00bb1\/4&#8243;]<div class=\"prelude-icon-box clearfix icon-top align-left hover-style-1 link-hover-blue simple\" style=\"padding:32px 35px 44px 35px;border-radius:5px;border:1px solid #e7e7e7;\" ><div class=\"hover\" style=\"border-radius:5px;background-image:url(https:\/\/bmasc.com\/bmasc-pg\/wp-content\/uploads\/2024\/07\/Hidrocarburos.jpg);\"><\/div><div class=\"wrap-inner\" style=\"position: relative;\"> <div class=\"content-wrap\"><h3 class=\"heading \" style=\"font-size:28px;margin-bottom:15px;\">\r\n\t\t\t<span>Hidrocarburos<\/span>\r\n\t\t<\/h3><div class=\"desc\" style=\"color:#5e5d6c;margin-bottom:28px;\"><p>Especialistas en la importaci\u00f3n de hidrocarburos y derivados del petr\u00f3leo.<\/p>\n<\/div><\/div><\/div><div class=\"url-wrap\" style=\"\">\r\n\t\t\t<a target=\"_self\" class=\"prelude-links link-style-3 dark\" href=\"https:\/\/bmasc.com\/bmasc-pg\/index.php\/hidrocarburos\/\" style=\"\">\r\n\t\t\t\t<span class=\"text\">Ver m\u00e1s<\/span>\r\n\t\t\t<\/a>\r\n\t\t<\/div><\/div>\r\n\t<div class=\"prelude-spacer clearfix\" data-desktop=\"30\" data-mobi=\"15\" data-smobi=\"15\"><\/div>[\/vc_column][vc_column width=\u00bb1\/4&#8243;]<div class=\"prelude-icon-box clearfix icon-top align-left hover-style-1 link-hover-blue simple\" style=\"padding:32px 35px 44px 35px;border-radius:5px;border:1px solid #e7e7e7;\" ><div class=\"hover\" style=\"border-radius:5px;background-image:url(https:\/\/bmasc.com\/bmasc-pg\/wp-content\/uploads\/2024\/07\/Lujo.jpg);\"><\/div><div class=\"wrap-inner\" style=\"position: relative;\"> <div class=\"content-wrap\"><h3 class=\"heading \" style=\"font-size:28px;margin-bottom:15px;\">\r\n\t\t\t<span>Lujo<\/span>\r\n\t\t<\/h3><div class=\"desc\" style=\"color:#5e5d6c;margin-bottom:28px;\"><p>Especialistas en la importaci\u00f3n y exportaci\u00f3n de art\u00edculos de lujo.<\/p>\n<\/div><\/div><\/div><div class=\"url-wrap\" style=\"\">\r\n\t\t\t<a target=\"_self\" class=\"prelude-links link-style-3 dark\" href=\"https:\/\/bmasc.com\/bmasc-pg\/index.php\/articulos-de-lujo\/\" style=\"\">\r\n\t\t\t\t<span class=\"text\">Ver m\u00e1s<\/span>\r\n\t\t\t<\/a>\r\n\t\t<\/div><\/div>\r\n\t<div class=\"prelude-spacer clearfix\" data-desktop=\"30\" data-mobi=\"15\" data-smobi=\"15\"><\/div>[\/vc_column][\/vc_row][vc_row][vc_column width=\u00bb1\/4&#8243;]<div class=\"prelude-icon-box clearfix icon-top align-left hover-style-1 link-hover-blue simple\" style=\"padding:32px 35px 44px 35px;border-radius:5px;border:1px solid #e7e7e7;\" ><div class=\"hover\" style=\"border-radius:5px;background-image:url(https:\/\/bmasc.com\/bmasc-pg\/wp-content\/uploads\/2024\/07\/Electronicos.jpg);\"><\/div><div class=\"wrap-inner\" style=\"position: relative;\"> <div class=\"content-wrap\"><h3 class=\"heading \" style=\"font-size:28px;margin-bottom:15px;\">\r\n\t\t\t<span>El\u00e9ctrico y electr\u00f3nicos<\/span>\r\n\t\t<\/h3><div class=\"desc\" style=\"color:#5e5d6c;margin-bottom:28px;\"><p>Contamos con la experiencia necesaria para el manejo adecuado de productos electr\u00f3nicos.<\/p>\n<\/div><\/div><\/div><div class=\"url-wrap\" style=\"\">\r\n\t\t\t<a target=\"_self\" class=\"prelude-links link-style-3 dark\" href=\"https:\/\/bmasc.com\/bmasc-pg\/index.php\/electrico-y-electronicos\/\" style=\"\">\r\n\t\t\t\t<span class=\"text\">Ver m\u00e1s<\/span>\r\n\t\t\t<\/a>\r\n\t\t<\/div><\/div>\r\n\t<div class=\"prelude-spacer clearfix\" data-desktop=\"30\" data-mobi=\"15\" data-smobi=\"15\"><\/div>[\/vc_column][vc_column width=\u00bb1\/4&#8243;]<div class=\"prelude-icon-box clearfix icon-top align-left hover-style-1 link-hover-blue simple\" style=\"padding:32px 35px 44px 35px;border-radius:5px;border:1px solid #e7e7e7;\" ><div class=\"hover\" style=\"border-radius:5px;background-image:url(https:\/\/bmasc.com\/bmasc-pg\/wp-content\/uploads\/2024\/07\/Metalmecanica.jpg);\"><\/div><div class=\"wrap-inner\" style=\"position: relative;\"> <div class=\"content-wrap\"><h3 class=\"heading \" style=\"font-size:28px;margin-bottom:15px;\">\r\n\t\t\t<span>Metalmec\u00e1nica<\/span>\r\n\t\t<\/h3><div class=\"desc\" style=\"color:#5e5d6c;margin-bottom:28px;\"><p>Hemos impulsado y gestionado aduanalmente el desarrollo de la industria metalmec\u00e1nica.<\/p>\n<\/div><\/div><\/div><div class=\"url-wrap\" style=\"\">\r\n\t\t\t<a target=\"_self\" class=\"prelude-links link-style-3 dark\" href=\"https:\/\/bmasc.com\/bmasc-pg\/index.php\/metalmecanica\/\" style=\"\">\r\n\t\t\t\t<span class=\"text\">Ver m\u00e1s<\/span>\r\n\t\t\t<\/a>\r\n\t\t<\/div><\/div>\r\n\t<div class=\"prelude-spacer clearfix\" data-desktop=\"30\" data-mobi=\"15\" data-smobi=\"15\"><\/div>[\/vc_column][vc_column width=\u00bb1\/4&#8243;]<div class=\"prelude-icon-box clearfix icon-top align-left hover-style-1 link-hover-blue simple\" style=\"padding:32px 35px 44px 35px;border-radius:5px;border:1px solid #e7e7e7;\" ><div class=\"hover\" style=\"border-radius:5px;background-image:url(https:\/\/bmasc.com\/bmasc-pg\/wp-content\/uploads\/2024\/07\/Mineria.jpg);\"><\/div><div class=\"wrap-inner\" style=\"position: relative;\"> <div class=\"content-wrap\"><h3 class=\"heading \" style=\"font-size:28px;margin-bottom:15px;\">\r\n\t\t\t<span>Miner\u00eda<\/span>\r\n\t\t<\/h3><div class=\"desc\" style=\"color:#5e5d6c;margin-bottom:28px;\"><p>Contamos con el conocimiento requerido para la importaci\u00f3n de insumos para el sector minero.<\/p>\n<\/div><\/div><\/div><div class=\"url-wrap\" style=\"\">\r\n\t\t\t<a target=\"_self\" class=\"prelude-links link-style-3 dark\" href=\"https:\/\/bmasc.com\/bmasc-pg\/index.php\/mineria\/\" style=\"\">\r\n\t\t\t\t<span class=\"text\">Ver m\u00e1s<\/span>\r\n\t\t\t<\/a>\r\n\t\t<\/div><\/div>\r\n\t<div class=\"prelude-spacer clearfix\" data-desktop=\"30\" data-mobi=\"15\" data-smobi=\"15\"><\/div>[\/vc_column][vc_column width=\u00bb1\/4&#8243;]<div class=\"prelude-icon-box clearfix icon-top align-left hover-style-1 link-hover-blue simple\" style=\"padding:32px 35px 44px 35px;border-radius:5px;border:1px solid #e7e7e7;\" ><div class=\"hover\" style=\"border-radius:5px;background-image:url(https:\/\/bmasc.com\/bmasc-pg\/wp-content\/uploads\/2024\/07\/Quimica.jpg);\"><\/div><div class=\"wrap-inner\" style=\"position: relative;\"> <div class=\"content-wrap\"><h3 class=\"heading \" style=\"font-size:28px;margin-bottom:15px;\">\r\n\t\t\t<span>Qu\u00edmicos<\/span>\r\n\t\t<\/h3><div class=\"desc\" style=\"color:#5e5d6c;margin-bottom:28px;\"><p>Contamos con un \u00e1rea de clasificaci\u00f3n arancelaria especializada en productos para la industria qu\u00edmica.<\/p>\n<\/div><\/div><\/div><div class=\"url-wrap\" style=\"\">\r\n\t\t\t<a target=\"_self\" class=\"prelude-links link-style-3 dark\" href=\"https:\/\/bmasc.com\/bmasc-pg\/index.php\/quimicos\/\" style=\"\">\r\n\t\t\t\t<span class=\"text\">Ver m\u00e1s<\/span>\r\n\t\t\t<\/a>\r\n\t\t<\/div><\/div>\r\n\t<div class=\"prelude-spacer clearfix\" data-desktop=\"30\" data-mobi=\"15\" data-smobi=\"15\"><\/div>[\/vc_column][\/vc_row]<\/p>\n<\/div>","protected":false},"excerpt":{"rendered":"<p>[vc_row full_width=\u00bbstretch_row\u00bb][vc_column][vc_column_text] Servicios [\/vc_column_text][vc_row_inner][vc_column_inner width=\u00bb1\/4&#8243;][\/vc_column_inner][vc_column_inner width=\u00bb1\/4&#8243;][\/vc_column_inner][vc_column_inner width=\u00bb1\/4&#8243;][\/vc_column_inner][vc_column_inner width=\u00bb1\/4&#8243;][\/vc_column_inner][\/vc_row_inner][\/vc_column][\/vc_row][vc_row css=\u00bb.vc_custom_1722354716922{background-image: url(https:\/\/integroqueretaro.store\/wp-content\/uploads\/2024\/03\/Especializacion_2.jpg?id=13362) !important;background-position: center !important;background-repeat: no-repeat !important;background-size: contain !important;}\u00bb][vc_column][vc_column_text] Contamos con una amplia experiencia en sectores industriales como: [\/vc_column_text][\/vc_column][\/vc_row][vc_row][vc_column width=\u00bb1\/4&#8243;][\/vc_column][vc_column width=\u00bb1\/4&#8243;][\/vc_column][vc_column width=\u00bb1\/4&#8243;][\/vc_column][vc_column width=\u00bb1\/4&#8243;][\/vc_column][\/vc_row][vc_row][vc_column width=\u00bb1\/4&#8243;][\/vc_column][vc_column width=\u00bb1\/4&#8243;][\/vc_column][vc_column width=\u00bb1\/4&#8243;][\/vc_column][vc_column width=\u00bb1\/4&#8243;][\/vc_column][\/vc_row]<\/p>\n","protected":false},"author":2,"featured_media":0,"parent":0,"menu_order":0,"comment_status":"closed","ping_status":"closed","template":"","meta":{"footnotes":""},"yoast_head":"<!-- This site is optimized with the Yoast SEO plugin v23.0 - https:\/\/yoast.com\/wordpress\/plugins\/seo\/ -->\n<title>Servicios - BMASC<\/title>\n<meta name=\"robots\" content=\"index, follow, max-snippet:-1, max-image-preview:large, max-video-preview:-1\" \/>\n<link rel=\"canonical\" href=\"https:\/\/bmasc.com\/bmasc-pg\/index.php\/servicios\/\" \/>\n<meta property=\"og:locale\" content=\"es_ES\" \/>\n<meta property=\"og:type\" content=\"article\" \/>\n<meta property=\"og:title\" content=\"Servicios - BMASC\" \/>\n<meta property=\"og:description\" content=\"[vc_row full_width=\u00bbstretch_row\u00bb][vc_column][vc_column_text] Servicios [\/vc_column_text][vc_row_inner][vc_column_inner width=\u00bb1\/4&#8243;][\/vc_column_inner][vc_column_inner width=\u00bb1\/4&#8243;][\/vc_column_inner][vc_column_inner width=\u00bb1\/4&#8243;][\/vc_column_inner][vc_column_inner width=\u00bb1\/4&#8243;][\/vc_column_inner][\/vc_row_inner][\/vc_column][\/vc_row][vc_row css=\u00bb.vc_custom_1722354716922{background-image: url(https:\/\/integroqueretaro.store\/wp-content\/uploads\/2024\/03\/Especializacion_2.jpg?id=13362) !important;background-position: center !important;background-repeat: no-repeat !important;background-size: contain !important;}\u00bb][vc_column][vc_column_text] Contamos con una amplia experiencia en sectores industriales como: [\/vc_column_text][\/vc_column][\/vc_row][vc_row][vc_column width=\u00bb1\/4&#8243;][\/vc_column][vc_column width=\u00bb1\/4&#8243;][\/vc_column][vc_column width=\u00bb1\/4&#8243;][\/vc_column][vc_column width=\u00bb1\/4&#8243;][\/vc_column][\/vc_row][vc_row][vc_column width=\u00bb1\/4&#8243;][\/vc_column][vc_column width=\u00bb1\/4&#8243;][\/vc_column][vc_column width=\u00bb1\/4&#8243;][\/vc_column][vc_column width=\u00bb1\/4&#8243;][\/vc_column][\/vc_row]\" \/>\n<meta property=\"og:url\" content=\"https:\/\/bmasc.com\/bmasc-pg\/index.php\/servicios\/\" \/>\n<meta property=\"og:site_name\" content=\"BMASC\" \/>\n<meta property=\"article:modified_time\" content=\"2024-08-26T22:23:02+00:00\" \/>\n<meta name=\"twitter:card\" content=\"summary_large_image\" \/>\n<meta name=\"twitter:label1\" content=\"Tiempo de lectura\" \/>\n\t<meta name=\"twitter:data1\" content=\"3 minutos\" \/>\n<script type=\"application\/ld+json\" class=\"yoast-schema-graph\">{\"@context\":\"https:\/\/schema.org\",\"@graph\":[{\"@type\":\"WebPage\",\"@id\":\"https:\/\/bmasc.com\/bmasc-pg\/index.php\/servicios\/\",\"url\":\"https:\/\/bmasc.com\/bmasc-pg\/index.php\/servicios\/\",\"name\":\"Servicios - BMASC\",\"isPartOf\":{\"@id\":\"https:\/\/bmasc.com\/bmasc-pg\/#website\"},\"datePublished\":\"2017-10-16T13:06:09+00:00\",\"dateModified\":\"2024-08-26T22:23:02+00:00\",\"breadcrumb\":{\"@id\":\"https:\/\/bmasc.com\/bmasc-pg\/index.php\/servicios\/#breadcrumb\"},\"inLanguage\":\"es\",\"potentialAction\":[{\"@type\":\"ReadAction\",\"target\":[\"https:\/\/bmasc.com\/bmasc-pg\/index.php\/servicios\/\"]}]},{\"@type\":\"BreadcrumbList\",\"@id\":\"https:\/\/bmasc.com\/bmasc-pg\/index.php\/servicios\/#breadcrumb\",\"itemListElement\":[{\"@type\":\"ListItem\",\"position\":1,\"name\":\"Portada\",\"item\":\"https:\/\/bmasc.com\/bmasc-pg\/\"},{\"@type\":\"ListItem\",\"position\":2,\"name\":\"Servicios\"}]},{\"@type\":\"WebSite\",\"@id\":\"https:\/\/bmasc.com\/bmasc-pg\/#website\",\"url\":\"https:\/\/bmasc.com\/bmasc-pg\/\",\"name\":\"BMASC\",\"description\":\"\",\"potentialAction\":[{\"@type\":\"SearchAction\",\"target\":{\"@type\":\"EntryPoint\",\"urlTemplate\":\"https:\/\/bmasc.com\/bmasc-pg\/?s={search_term_string}\"},\"query-input\":\"required name=search_term_string\"}],\"inLanguage\":\"es\"}]}<\/script>\n<!-- \/ Yoast SEO plugin. -->","yoast_head_json":{"title":"Servicios - BMASC","robots":{"index":"index","follow":"follow","max-snippet":"max-snippet:-1","max-image-preview":"max-image-preview:large","max-video-preview":"max-video-preview:-1"},"canonical":"https:\/\/bmasc.com\/bmasc-pg\/index.php\/servicios\/","og_locale":"es_ES","og_type":"article","og_title":"Servicios - BMASC","og_description":"[vc_row full_width=\u00bbstretch_row\u00bb][vc_column][vc_column_text] Servicios [\/vc_column_text][vc_row_inner][vc_column_inner width=\u00bb1\/4&#8243;][\/vc_column_inner][vc_column_inner width=\u00bb1\/4&#8243;][\/vc_column_inner][vc_column_inner width=\u00bb1\/4&#8243;][\/vc_column_inner][vc_column_inner width=\u00bb1\/4&#8243;][\/vc_column_inner][\/vc_row_inner][\/vc_column][\/vc_row][vc_row css=\u00bb.vc_custom_1722354716922{background-image: url(https:\/\/integroqueretaro.store\/wp-content\/uploads\/2024\/03\/Especializacion_2.jpg?id=13362) !important;background-position: center !important;background-repeat: no-repeat !important;background-size: contain !important;}\u00bb][vc_column][vc_column_text] Contamos con una amplia experiencia en sectores industriales como: [\/vc_column_text][\/vc_column][\/vc_row][vc_row][vc_column width=\u00bb1\/4&#8243;][\/vc_column][vc_column width=\u00bb1\/4&#8243;][\/vc_column][vc_column width=\u00bb1\/4&#8243;][\/vc_column][vc_column width=\u00bb1\/4&#8243;][\/vc_column][\/vc_row][vc_row][vc_column width=\u00bb1\/4&#8243;][\/vc_column][vc_column width=\u00bb1\/4&#8243;][\/vc_column][vc_column width=\u00bb1\/4&#8243;][\/vc_column][vc_column width=\u00bb1\/4&#8243;][\/vc_column][\/vc_row]","og_url":"https:\/\/bmasc.com\/bmasc-pg\/index.php\/servicios\/","og_site_name":"BMASC","article_modified_time":"2024-08-26T22:23:02+00:00","twitter_card":"summary_large_image","twitter_misc":{"Tiempo de lectura":"3 minutos"},"schema":{"@context":"https:\/\/schema.org","@graph":[{"@type":"WebPage","@id":"https:\/\/bmasc.com\/bmasc-pg\/index.php\/servicios\/","url":"https:\/\/bmasc.com\/bmasc-pg\/index.php\/servicios\/","name":"Servicios - BMASC","isPartOf":{"@id":"https:\/\/bmasc.com\/bmasc-pg\/#website"},"datePublished":"2017-10-16T13:06:09+00:00","dateModified":"2024-08-26T22:23:02+00:00","breadcrumb":{"@id":"https:\/\/bmasc.com\/bmasc-pg\/index.php\/servicios\/#breadcrumb"},"inLanguage":"es","potentialAction":[{"@type":"ReadAction","target":["https:\/\/bmasc.com\/bmasc-pg\/index.php\/servicios\/"]}]},{"@type":"BreadcrumbList","@id":"https:\/\/bmasc.com\/bmasc-pg\/index.php\/servicios\/#breadcrumb","itemListElement":[{"@type":"ListItem","position":1,"name":"Portada","item":"https:\/\/bmasc.com\/bmasc-pg\/"},{"@type":"ListItem","position":2,"name":"Servicios"}]},{"@type":"WebSite","@id":"https:\/\/bmasc.com\/bmasc-pg\/#website","url":"https:\/\/bmasc.com\/bmasc-pg\/","name":"BMASC","description":"","potentialAction":[{"@type":"SearchAction","target":{"@type":"EntryPoint","urlTemplate":"https:\/\/bmasc.com\/bmasc-pg\/?s={search_term_string}"},"query-input":"required name=search_term_string"}],"inLanguage":"es"}]}},"_links":{"self":[{"href":"https:\/\/bmasc.com\/bmasc-pg\/index.php\/wp-json\/wp\/v2\/pages\/1326"}],"collection":[{"href":"https:\/\/bmasc.com\/bmasc-pg\/index.php\/wp-json\/wp\/v2\/pages"}],"about":[{"href":"https:\/\/bmasc.com\/bmasc-pg\/index.php\/wp-json\/wp\/v2\/types\/page"}],"author":[{"embeddable":true,"href":"https:\/\/bmasc.com\/bmasc-pg\/index.php\/wp-json\/wp\/v2\/users\/2"}],"replies":[{"embeddable":true,"href":"https:\/\/bmasc.com\/bmasc-pg\/index.php\/wp-json\/wp\/v2\/comments?post=1326"}],"version-history":[{"count":15,"href":"https:\/\/bmasc.com\/bmasc-pg\/index.php\/wp-json\/wp\/v2\/pages\/1326\/revisions"}],"predecessor-version":[{"id":13527,"href":"https:\/\/bmasc.com\/bmasc-pg\/index.php\/wp-json\/wp\/v2\/pages\/1326\/revisions\/13527"}],"wp:attachment":[{"href":"https:\/\/bmasc.com\/bmasc-pg\/index.php\/wp-json\/wp\/v2\/media?parent=1326"}],"curies":[{"name":"wp","href":"https:\/\/api.w.org\/{rel}","templated":true}]}}