{"id":10112,"date":"2019-06-24T08:35:20","date_gmt":"2019-06-24T08:35:20","guid":{"rendered":"http:\/\/ninzio.com\/prelude\/?page_id=10112"},"modified":"2024-12-03T17:46:17","modified_gmt":"2024-12-03T17:46:17","slug":"forwarding","status":"publish","type":"page","link":"https:\/\/bmasc.com\/bmasc-pg\/index.php\/forwarding\/","title":{"rendered":"Forwarding &#038; CEDIS"},"content":{"rendered":"<div class=\"wpb-content-wrapper\"><p>[vc_row][vc_column]\r\n\t<div class=\"prelude-spacer clearfix\" data-desktop=\"180\" data-mobi=\"90\" data-smobi=\"90\"><\/div>[vc_column_text]<\/p>\n<h6>Contamos con un \u00e1rea de Forwarding \/ Centro de Distribuci\u00f3n, es decir, un servicio Northbound cubriendo USA y Canad\u00e1 y Southbound para M\u00e9xico con o sin Despacho Aduanal.<\/h6>\n<p>[\/vc_column_text][vc_row_inner][vc_column_inner width=\u00bb7\/12&#8243;]<div class=\"prelude-content-box clearfix \" data-padding=\"\" data-mobipadding=\"\" data-margin=\"0px 35px 0px 0px\" data-mobimargin=\"0px 0px 0px 0px\" >\r\n\t\t<div class=\"inner ctb-1858030227\" style=\"\"  data-background=\"\">\r\n\t\t\t\r\n\t<div class=\"prelude-spacer clearfix\" data-desktop=\"40\" data-mobi=\"20\" data-smobi=\"20\"><\/div>\r\n\t<div class=\"prelude-spacer clearfix\" data-desktop=\"40\" data-mobi=\"20\" data-smobi=\"20\"><\/div><div class=\"prelude-simple-image   stretch ctb-108883398\" data-reveal=\"true\" data-reveal-options='{\"direction\":\"rl\",\"bgcolor\":\"#dddddd\"}'  data-stretch-left=-35px>\r\n\t\t\t\t<figure style=\"border-radius:20px;overflow:hidden; box-shadow: 0px 20px 90px 0px rgba(110,123,131,0.2)\"><img decoding=\"async\" alt=\"image\" src=\"https:\/\/bmasc.com\/bmasc-pg\/wp-content\/uploads\/2024\/07\/Maopa02.jpg\" \/> <\/figure>\r\n\t\t\t<\/div>\r\n\t\t<\/div>\r\n\t<\/div>[\/vc_column_inner][vc_column_inner width=\u00bb5\/12&#8243;]\r\n\t<div class=\"prelude-spacer clearfix\" data-desktop=\"100\" data-mobi=\"60\" data-smobi=\"60\"><\/div><div class=\"prelude-icon-box clearfix icon-left align-left  link-hover-accent simple\" style=\"\" ><div class=\"wrap-inner\" style=\"position: relative;\"><div class=\"prelude-icon icon-714874528 icon-font custom custom\"  data-icon=\"#2b5286\" data-background=\"\">\r\n\t\t\t<span class=\"icon\" style=\"font-size:26px;border-style:solid;margin-top:1px;\"><i class=\"fas fa-check-circle\"><\/i><\/span>\r\n\t\t<\/div> <div class=\"content-wrap\"><h3 class=\"heading \" style=\"padding-left:50px;font-size:22px;padding-top:5px;margin-bottom:17px;\">\r\n\t\t\t<span>Espacio de almacenamiento desde los 60,000 hasta 120,000 ft<sup>2<\/sup><\/span>\r\n\t\t<\/h3><\/div><\/div><\/div><div class=\"prelude-icon-box clearfix icon-left align-left  link-hover-accent simple\" style=\"\" ><div class=\"wrap-inner\" style=\"position: relative;\"><div class=\"prelude-icon icon-608631533 icon-font custom custom\"  data-icon=\"#2b5286\" data-background=\"\">\r\n\t\t\t<span class=\"icon\" style=\"font-size:26px;border-style:solid;margin-top:1px;\"><i class=\"fas fa-check-circle\"><\/i><\/span>\r\n\t\t<\/div> <div class=\"content-wrap\"><h3 class=\"heading \" style=\"padding-left:50px;font-size:22px;padding-top:5px;margin-bottom:17px;\">\r\n\t\t\t<span>Patio de maniobras y de resguardo para tr\u00e1ileres<\/span>\r\n\t\t<\/h3><\/div><\/div><\/div><div class=\"prelude-icon-box clearfix icon-left align-left  link-hover-accent simple\" style=\"\" ><div class=\"wrap-inner\" style=\"position: relative;\"><div class=\"prelude-icon icon-875400783 icon-font custom custom\"  data-icon=\"#2b5286\" data-background=\"\">\r\n\t\t\t<span class=\"icon\" style=\"font-size:26px;border-style:solid;margin-top:1px;\"><i class=\"fas fa-check-circle\"><\/i><\/span>\r\n\t\t<\/div> <div class=\"content-wrap\"><h3 class=\"heading \" style=\"padding-left:50px;font-size:22px;padding-top:5px;margin-bottom:17px;\">\r\n\t\t\t<span>Puertas de carga y descarga simult\u00e1neas<\/span>\r\n\t\t<\/h3><\/div><\/div><\/div><div class=\"prelude-icon-box clearfix icon-left align-left  link-hover-accent simple\" style=\"\" ><div class=\"wrap-inner\" style=\"position: relative;\"><div class=\"prelude-icon icon-541351369 icon-font custom custom\"  data-icon=\"#2b5286\" data-background=\"\">\r\n\t\t\t<span class=\"icon\" style=\"font-size:26px;border-style:solid;margin-top:1px;\"><i class=\"fas fa-check-circle\"><\/i><\/span>\r\n\t\t<\/div> <div class=\"content-wrap\"><h3 class=\"heading \" style=\"padding-left:50px;font-size:22px;padding-top:5px;margin-bottom:17px;\">\r\n\t\t\t<span>Seguridad y monitoreo con circuito cerrado 24\/7<\/span>\r\n\t\t<\/h3><\/div><\/div><\/div><div class=\"prelude-icon-box clearfix icon-left align-left  link-hover-accent simple\" style=\"\" ><div class=\"wrap-inner\" style=\"position: relative;\"><div class=\"prelude-icon icon-965171932 icon-font custom custom\"  data-icon=\"#2b5286\" data-background=\"\">\r\n\t\t\t<span class=\"icon\" style=\"font-size:26px;border-style:solid;margin-top:1px;\"><i class=\"fas fa-check-circle\"><\/i><\/span>\r\n\t\t<\/div> <div class=\"content-wrap\"><h3 class=\"heading \" style=\"padding-left:50px;font-size:22px;padding-top:5px;margin-bottom:17px;\">\r\n\t\t\t<span>\u00c1rea restringida de resguardo para materiales sensibles(de alto valor)<\/span>\r\n\t\t<\/h3><\/div><\/div><\/div><div class=\"prelude-icon-box clearfix icon-left align-left  link-hover-accent simple\" style=\"\" ><div class=\"wrap-inner\" style=\"position: relative;\"><div class=\"prelude-icon icon-1896375993 icon-font custom custom\"  data-icon=\"#2b5286\" data-background=\"\">\r\n\t\t\t<span class=\"icon\" style=\"font-size:26px;border-style:solid;margin-top:1px;\"><i class=\"fas fa-check-circle\"><\/i><\/span>\r\n\t\t<\/div> <div class=\"content-wrap\"><h3 class=\"heading \" style=\"padding-left:50px;font-size:22px;padding-top:5px;margin-bottom:17px;\">\r\n\t\t\t<span>Espacio para almacenamiento de productos HAZMAT<\/span>\r\n\t\t<\/h3><\/div><\/div><\/div><div class=\"prelude-icon-box clearfix icon-left align-left  link-hover-accent simple\" style=\"\" ><div class=\"wrap-inner\" style=\"position: relative;\"><div class=\"prelude-icon icon-688774826 icon-font custom custom\"  data-icon=\"#2b5286\" data-background=\"\">\r\n\t\t\t<span class=\"icon\" style=\"font-size:26px;border-style:solid;margin-top:1px;\"><i class=\"fas fa-check-circle\"><\/i><\/span>\r\n\t\t<\/div> <div class=\"content-wrap\"><h3 class=\"heading \" style=\"padding-left:50px;font-size:22px;padding-top:5px;margin-bottom:17px;\">\r\n\t\t\t<span>In &amp; Out de materiales<\/span>\r\n\t\t<\/h3><\/div><\/div><\/div><div class=\"prelude-icon-box clearfix icon-left align-left  link-hover-accent simple\" style=\"\" ><div class=\"wrap-inner\" style=\"position: relative;\"><div class=\"prelude-icon icon-1960195685 icon-font custom custom\"  data-icon=\"#2b5286\" data-background=\"\">\r\n\t\t\t<span class=\"icon\" style=\"font-size:26px;border-style:solid;margin-top:1px;\"><i class=\"fas fa-check-circle\"><\/i><\/span>\r\n\t\t<\/div> <div class=\"content-wrap\"><h3 class=\"heading \" style=\"padding-left:50px;font-size:22px;padding-top:5px;margin-bottom:17px;\">\r\n\t\t\t<span>Picking y embalaje<\/span>\r\n\t\t<\/h3><\/div><\/div><\/div><div class=\"prelude-icon-box clearfix icon-left align-left  link-hover-accent simple\" style=\"\" ><div class=\"wrap-inner\" style=\"position: relative;\"><div class=\"prelude-icon icon-1988048112 icon-font custom custom\"  data-icon=\"#2b5286\" data-background=\"\">\r\n\t\t\t<span class=\"icon\" style=\"font-size:26px;border-style:solid;margin-top:1px;\"><i class=\"fas fa-check-circle\"><\/i><\/span>\r\n\t\t<\/div> <div class=\"content-wrap\"><h3 class=\"heading \" style=\"padding-left:50px;font-size:22px;padding-top:5px;margin-bottom:17px;\">\r\n\t\t\t<span>Control de inventarios en l\u00ednea <b>www.bmasc.com<\/b><\/span>\r\n\t\t<\/h3><\/div><\/div><\/div><div class=\"prelude-icon-box clearfix icon-left align-left  link-hover-accent simple\" style=\"\" ><div class=\"wrap-inner\" style=\"position: relative;\"><div class=\"prelude-icon icon-133198945 icon-font custom custom\"  data-icon=\"#2b5286\" data-background=\"\">\r\n\t\t\t<span class=\"icon\" style=\"font-size:26px;border-style:solid;margin-top:1px;\"><i class=\"fas fa-check-circle\"><\/i><\/span>\r\n\t\t<\/div> <div class=\"content-wrap\"><h3 class=\"heading \" style=\"padding-left:50px;font-size:22px;padding-top:5px;margin-bottom:17px;\">\r\n\t\t\t<span>Gesti\u00f3n de Centro de Distribuci\u00f3n<\/span>\r\n\t\t<\/h3><\/div><\/div><\/div><div class=\"prelude-icon-box clearfix icon-left align-left  link-hover-accent simple\" style=\"\" ><div class=\"wrap-inner\" style=\"position: relative;\"><div class=\"prelude-icon icon-149131788 icon-font custom custom\"  data-icon=\"#2b5286\" data-background=\"\">\r\n\t\t\t<span class=\"icon\" style=\"font-size:26px;border-style:solid;margin-top:1px;\"><i class=\"fas fa-check-circle\"><\/i><\/span>\r\n\t\t<\/div> <div class=\"content-wrap\"><h3 class=\"heading \" style=\"padding-left:50px;font-size:22px;padding-top:5px;margin-bottom:17px;\">\r\n\t\t\t<span>Vendor o Customer Managed Inventory<\/span>\r\n\t\t<\/h3><\/div><\/div><\/div><div class=\"prelude-icon-box clearfix icon-left align-left  link-hover-accent simple\" style=\"\" ><div class=\"wrap-inner\" style=\"position: relative;\"><div class=\"prelude-icon icon-1644407783 icon-font custom custom\"  data-icon=\"#2b5286\" data-background=\"\">\r\n\t\t\t<span class=\"icon\" style=\"font-size:26px;border-style:solid;margin-top:1px;\"><i class=\"fas fa-check-circle\"><\/i><\/span>\r\n\t\t<\/div> <div class=\"content-wrap\"><h3 class=\"heading \" style=\"padding-left:50px;font-size:22px;padding-top:5px;margin-bottom:17px;\">\r\n\t\t\t<span>Atenci\u00f3n personalizada con asignaci\u00f3n de Ejecutivo deservicio al cliente<\/span>\r\n\t\t<\/h3><\/div><\/div><\/div><div class=\"prelude-icon-box clearfix icon-left align-left  link-hover-accent simple\" style=\"\" ><div class=\"wrap-inner\" style=\"position: relative;\"><div class=\"prelude-icon icon-187698076 icon-font custom custom\"  data-icon=\"#2b5286\" data-background=\"\">\r\n\t\t\t<span class=\"icon\" style=\"font-size:26px;border-style:solid;margin-top:1px;\"><i class=\"fas fa-check-circle\"><\/i><\/span>\r\n\t\t<\/div> <div class=\"content-wrap\"><h3 class=\"heading \" style=\"padding-left:50px;font-size:22px;padding-top:5px;margin-bottom:17px;\">\r\n\t\t\t<span>Bodegas certificadas por FDA para el manejo de productos alimenticios<\/span>\r\n\t\t<\/h3><\/div><\/div><\/div><div class=\"prelude-icon-box clearfix icon-left align-left  link-hover-accent simple\" style=\"\" ><div class=\"wrap-inner\" style=\"position: relative;\"><div class=\"prelude-icon icon-886357158 icon-font custom custom\"  data-icon=\"#2b5286\" data-background=\"\">\r\n\t\t\t<span class=\"icon\" style=\"font-size:26px;border-style:solid;margin-top:1px;\"><i class=\"fas fa-check-circle\"><\/i><\/span>\r\n\t\t<\/div> <div class=\"content-wrap\"><h3 class=\"heading \" style=\"padding-left:50px;font-size:22px;padding-top:5px;margin-bottom:17px;\">\r\n\t\t\t<span>Sub-ensamble de materiales<\/span>\r\n\t\t<\/h3><\/div><\/div><\/div><div class=\"prelude-icon-box clearfix icon-left align-left  link-hover-accent simple\" style=\"\" ><div class=\"wrap-inner\" style=\"position: relative;\"><div class=\"prelude-icon icon-856563443 icon-font custom custom\"  data-icon=\"#2b5286\" data-background=\"\">\r\n\t\t\t<span class=\"icon\" style=\"font-size:26px;border-style:solid;margin-top:1px;\"><i class=\"fas fa-check-circle\"><\/i><\/span>\r\n\t\t<\/div> <div class=\"content-wrap\"><h3 class=\"heading \" style=\"padding-left:50px;font-size:22px;padding-top:5px;margin-bottom:17px;\">\r\n\t\t\t<span>Cross-docking<\/span>\r\n\t\t<\/h3><\/div><\/div><\/div>[\/vc_column_inner][\/vc_row_inner]\r\n\t<div class=\"prelude-spacer clearfix\" data-desktop=\"100\" data-mobi=\"60\" data-smobi=\"60\"><\/div>[\/vc_column][\/vc_row]<\/p>\n<\/div>","protected":false},"excerpt":{"rendered":"<p>[vc_row][vc_column][vc_column_text] Contamos con un \u00e1rea de Forwarding \/ Centro de Distribuci\u00f3n, es decir, un servicio Northbound cubriendo USA y Canad\u00e1 y Southbound para M\u00e9xico con o sin Despacho Aduanal. [\/vc_column_text][vc_row_inner][vc_column_inner width=\u00bb7\/12&#8243;][\/vc_column_inner][vc_column_inner width=\u00bb5\/12&#8243;][\/vc_column_inner][\/vc_row_inner][\/vc_column][\/vc_row]<\/p>\n","protected":false},"author":2,"featured_media":0,"parent":0,"menu_order":0,"comment_status":"closed","ping_status":"closed","template":"","meta":{"footnotes":""},"yoast_head":"<!-- This site is optimized with the Yoast SEO plugin v23.0 - https:\/\/yoast.com\/wordpress\/plugins\/seo\/ -->\n<title>Forwarding &amp; CEDIS - BMASC<\/title>\n<meta name=\"robots\" content=\"index, follow, max-snippet:-1, max-image-preview:large, max-video-preview:-1\" \/>\n<link rel=\"canonical\" href=\"https:\/\/bmasc.com\/bmasc-pg\/index.php\/forwarding\/\" \/>\n<meta property=\"og:locale\" content=\"es_ES\" \/>\n<meta property=\"og:type\" content=\"article\" \/>\n<meta property=\"og:title\" content=\"Forwarding &amp; CEDIS - BMASC\" \/>\n<meta property=\"og:description\" content=\"[vc_row][vc_column][vc_column_text] Contamos con un \u00e1rea de Forwarding \/ Centro de Distribuci\u00f3n, es decir, un servicio Northbound cubriendo USA y Canad\u00e1 y Southbound para M\u00e9xico con o sin Despacho Aduanal. [\/vc_column_text][vc_row_inner][vc_column_inner width=\u00bb7\/12&#8243;][\/vc_column_inner][vc_column_inner width=\u00bb5\/12&#8243;][\/vc_column_inner][\/vc_row_inner][\/vc_column][\/vc_row]\" \/>\n<meta property=\"og:url\" content=\"https:\/\/bmasc.com\/bmasc-pg\/index.php\/forwarding\/\" \/>\n<meta property=\"og:site_name\" content=\"BMASC\" \/>\n<meta property=\"article:modified_time\" content=\"2024-12-03T17:46:17+00:00\" \/>\n<meta name=\"twitter:card\" content=\"summary_large_image\" \/>\n<meta name=\"twitter:label1\" content=\"Tiempo de lectura\" \/>\n\t<meta name=\"twitter:data1\" content=\"2 minutos\" \/>\n<script type=\"application\/ld+json\" class=\"yoast-schema-graph\">{\"@context\":\"https:\/\/schema.org\",\"@graph\":[{\"@type\":\"WebPage\",\"@id\":\"https:\/\/bmasc.com\/bmasc-pg\/index.php\/forwarding\/\",\"url\":\"https:\/\/bmasc.com\/bmasc-pg\/index.php\/forwarding\/\",\"name\":\"Forwarding & CEDIS - BMASC\",\"isPartOf\":{\"@id\":\"https:\/\/bmasc.com\/bmasc-pg\/#website\"},\"datePublished\":\"2019-06-24T08:35:20+00:00\",\"dateModified\":\"2024-12-03T17:46:17+00:00\",\"breadcrumb\":{\"@id\":\"https:\/\/bmasc.com\/bmasc-pg\/index.php\/forwarding\/#breadcrumb\"},\"inLanguage\":\"es\",\"potentialAction\":[{\"@type\":\"ReadAction\",\"target\":[\"https:\/\/bmasc.com\/bmasc-pg\/index.php\/forwarding\/\"]}]},{\"@type\":\"BreadcrumbList\",\"@id\":\"https:\/\/bmasc.com\/bmasc-pg\/index.php\/forwarding\/#breadcrumb\",\"itemListElement\":[{\"@type\":\"ListItem\",\"position\":1,\"name\":\"Portada\",\"item\":\"https:\/\/bmasc.com\/bmasc-pg\/\"},{\"@type\":\"ListItem\",\"position\":2,\"name\":\"Forwarding &#038; CEDIS\"}]},{\"@type\":\"WebSite\",\"@id\":\"https:\/\/bmasc.com\/bmasc-pg\/#website\",\"url\":\"https:\/\/bmasc.com\/bmasc-pg\/\",\"name\":\"BMASC\",\"description\":\"\",\"potentialAction\":[{\"@type\":\"SearchAction\",\"target\":{\"@type\":\"EntryPoint\",\"urlTemplate\":\"https:\/\/bmasc.com\/bmasc-pg\/?s={search_term_string}\"},\"query-input\":\"required name=search_term_string\"}],\"inLanguage\":\"es\"}]}<\/script>\n<!-- \/ Yoast SEO plugin. -->","yoast_head_json":{"title":"Forwarding & CEDIS - BMASC","robots":{"index":"index","follow":"follow","max-snippet":"max-snippet:-1","max-image-preview":"max-image-preview:large","max-video-preview":"max-video-preview:-1"},"canonical":"https:\/\/bmasc.com\/bmasc-pg\/index.php\/forwarding\/","og_locale":"es_ES","og_type":"article","og_title":"Forwarding & CEDIS - BMASC","og_description":"[vc_row][vc_column][vc_column_text] Contamos con un \u00e1rea de Forwarding \/ Centro de Distribuci\u00f3n, es decir, un servicio Northbound cubriendo USA y Canad\u00e1 y Southbound para M\u00e9xico con o sin Despacho Aduanal. [\/vc_column_text][vc_row_inner][vc_column_inner width=\u00bb7\/12&#8243;][\/vc_column_inner][vc_column_inner width=\u00bb5\/12&#8243;][\/vc_column_inner][\/vc_row_inner][\/vc_column][\/vc_row]","og_url":"https:\/\/bmasc.com\/bmasc-pg\/index.php\/forwarding\/","og_site_name":"BMASC","article_modified_time":"2024-12-03T17:46:17+00:00","twitter_card":"summary_large_image","twitter_misc":{"Tiempo de lectura":"2 minutos"},"schema":{"@context":"https:\/\/schema.org","@graph":[{"@type":"WebPage","@id":"https:\/\/bmasc.com\/bmasc-pg\/index.php\/forwarding\/","url":"https:\/\/bmasc.com\/bmasc-pg\/index.php\/forwarding\/","name":"Forwarding & CEDIS - BMASC","isPartOf":{"@id":"https:\/\/bmasc.com\/bmasc-pg\/#website"},"datePublished":"2019-06-24T08:35:20+00:00","dateModified":"2024-12-03T17:46:17+00:00","breadcrumb":{"@id":"https:\/\/bmasc.com\/bmasc-pg\/index.php\/forwarding\/#breadcrumb"},"inLanguage":"es","potentialAction":[{"@type":"ReadAction","target":["https:\/\/bmasc.com\/bmasc-pg\/index.php\/forwarding\/"]}]},{"@type":"BreadcrumbList","@id":"https:\/\/bmasc.com\/bmasc-pg\/index.php\/forwarding\/#breadcrumb","itemListElement":[{"@type":"ListItem","position":1,"name":"Portada","item":"https:\/\/bmasc.com\/bmasc-pg\/"},{"@type":"ListItem","position":2,"name":"Forwarding &#038; CEDIS"}]},{"@type":"WebSite","@id":"https:\/\/bmasc.com\/bmasc-pg\/#website","url":"https:\/\/bmasc.com\/bmasc-pg\/","name":"BMASC","description":"","potentialAction":[{"@type":"SearchAction","target":{"@type":"EntryPoint","urlTemplate":"https:\/\/bmasc.com\/bmasc-pg\/?s={search_term_string}"},"query-input":"required name=search_term_string"}],"inLanguage":"es"}]}},"_links":{"self":[{"href":"https:\/\/bmasc.com\/bmasc-pg\/index.php\/wp-json\/wp\/v2\/pages\/10112"}],"collection":[{"href":"https:\/\/bmasc.com\/bmasc-pg\/index.php\/wp-json\/wp\/v2\/pages"}],"about":[{"href":"https:\/\/bmasc.com\/bmasc-pg\/index.php\/wp-json\/wp\/v2\/types\/page"}],"author":[{"embeddable":true,"href":"https:\/\/bmasc.com\/bmasc-pg\/index.php\/wp-json\/wp\/v2\/users\/2"}],"replies":[{"embeddable":true,"href":"https:\/\/bmasc.com\/bmasc-pg\/index.php\/wp-json\/wp\/v2\/comments?post=10112"}],"version-history":[{"count":7,"href":"https:\/\/bmasc.com\/bmasc-pg\/index.php\/wp-json\/wp\/v2\/pages\/10112\/revisions"}],"predecessor-version":[{"id":13797,"href":"https:\/\/bmasc.com\/bmasc-pg\/index.php\/wp-json\/wp\/v2\/pages\/10112\/revisions\/13797"}],"wp:attachment":[{"href":"https:\/\/bmasc.com\/bmasc-pg\/index.php\/wp-json\/wp\/v2\/media?parent=10112"}],"curies":[{"name":"wp","href":"https:\/\/api.w.org\/{rel}","templated":true}]}}