{"id":10024,"date":"2019-06-21T08:49:25","date_gmt":"2019-06-21T08:49:25","guid":{"rendered":"http:\/\/ninzio.com\/prelude\/?page_id=10024"},"modified":"2024-12-24T18:00:47","modified_gmt":"2024-12-24T18:00:47","slug":"nosotros","status":"publish","type":"page","link":"https:\/\/bmasc.com\/bmasc-pg\/index.php\/nosotros\/","title":{"rendered":"Nosotros"},"content":{"rendered":"<div class=\"wpb-content-wrapper\"><p>[vc_row][vc_column]\r\n\t<div class=\"prelude-spacer clearfix\" data-desktop=\"150\" data-mobi=\"60\" data-smobi=\"60\"><\/div><div class=\"prelude-headings clearfix \"  style=\"\"><h1 class=\"heading clearfix \" style=\"font-weight:500;color:#2b5286;letter-spacing:0.25px;margin-bottom:15px;\">\r\n\t\tCon\u00f3cenos\r\n\t<\/h1><\/div>\r\n\t<div class=\"prelude-spacer clearfix\" data-desktop=\"40\" data-mobi=\"50\" data-smobi=\"50\"><\/div>[\/vc_column][\/vc_row][vc_row][vc_column][vc_row_inner][vc_column_inner width=\u00bb1\/2&#8243;][vc_column_text]<\/p>\n<p style=\"text-align: justify;\"><span><strong>Bufete Mexicano de Aduanas, S. C<\/strong>. es una empresa mexicana que inicia operaciones en 1999 como Agencia Aduanal y que actualmente se dedica a ofrecer soluciones log\u00edsticas mediante la integraci\u00f3n de servicios de log\u00edstica internacional, transporte nacional, despacho aduanal, almacenaje y distribuci\u00f3n de mercanc\u00edas, as\u00ed como consultor\u00eda en comercio exterior.<\/span><\/p>\n<p style=\"text-align: justify;\"><span><strong>Bufete Mexicano de Aduanas, S. C<\/strong>. actualmente cuenta con 3 patentes aduanales nacionales cuya cubertura es por 11 aduanas de M\u00e9xico, adem\u00e1s con licencia de agente aduanal en Estados Unidos. Los servicios y la presencia de <strong>Bufete Mexicano de Aduanas, S. C.<\/strong> van m\u00e1s all\u00e1 de M\u00e9xico. Tenemos representaci\u00f3n en pa\u00edses de Europa, Asia, Norte y Sudam\u00e9rica por medio de nuestros socios comerciales y por medio de los cuales, ponemos a su disposici\u00f3n una infraestructura de servicios log\u00edsticos internacionales.<\/span><\/p>\n<p style=\"text-align: justify;\"><span>Actualmente y con m\u00e1s de 28 a\u00f1os de experiencia, en <strong>Bufete Mexicano de Aduanas, S. C.<\/strong> creemos en la filosof\u00eda de servicio como el soporte principal que permite mantener relaciones duraderas a largo plazo con nuestros clientes, esto nos permite integrarnos como un verdadero socio comercial comprometido con el \u00e9xito de las operaciones de comercio exterior de nuestros clientes.<\/span><\/p>\n<p><strong>VISI\u00d3N<\/strong><\/p>\n<p style=\"text-align: left;\">CONECTAR MERCADOS CON FACILIDAD, CONFIABILIDAD Y SEGURIDAD PARA LA PROSPERIDAD DE M\u00c9XICO.<\/p>\n<p><strong>MISI\u00d3N<\/strong><\/p>\n<p style=\"text-align: left;\">ENTENDER A NUESTROS CLIENTES PARA PROVEERLES SOLUCIONES DE COMERCIO Y LOG\u00cdSTICA INTERNACIONAL DE CALIDAD, QUE<br \/>\nGENEREN VALOR A SU PROCESO DE NEGOCIO EJECUTADAS CON EXCELENCIA POR NUESTRO CALIFICADO CAPITAL HUMANO APOYADOS EN PROCESOS CONFIABLES Y TECNOLOG\u00cdA DE VANGUARDIA<\/p>\n<p><strong>VALORES<\/strong><\/p>\n<ul>\n<li>FE EN DIOS<\/li>\n<li>SERVICIO AL CLIENTE<\/li>\n<li>HONESTIDAD<\/li>\n<li>RESPONSABILIDAD<\/li>\n<li>LEALTAD<\/li>\n<li>RESPETO<\/li>\n<\/ul>\n<p>[\/vc_column_text]\r\n\t<div class=\"prelude-spacer clearfix\" data-desktop=\"80\" data-mobi=\"50\" data-smobi=\"50\"><\/div>[\/vc_column_inner][vc_column_inner width=\u00bb1\/2&#8243;]<div class=\"prelude-simple-image simple  img-stretch\" style=\"text-align:center; margin:0 auto;\">\r\n\t\t\t\t<img decoding=\"async\" alt=\"image\" src=\"https:\/\/bmasc.com\/bmasc-pg\/wp-content\/uploads\/2024\/07\/Mapa_solo.png\" \/> \r\n\t\t\t<\/div>[\/vc_column_inner][\/vc_row_inner]\r\n\t<div class=\"prelude-spacer clearfix\" data-desktop=\"94\" data-mobi=\"60\" data-smobi=\"60\"><\/div>[\/vc_column][\/vc_row][vc_row][vc_column]\t\t\t<!-- Cool Timeline Free V2.9.4 -->\r\n\t\t\t<div class=\"ctl-wrapper\" role=\"region\" aria-label=\"Timeline\">\r\n\t\t\t\t<div class=\"ctl-before-content\"><div class=\"timeline-main-title\"><H2>L\u00ednea de tiempo<\/H2><\/div><\/div>\t\t\t\t<div id=\"cool_timeline_1\" class=\"cool-timeline-wrapper ctl-both-sided ctl-vertical-wrapper ctl-compact-wrapper\" >\r\n\t\t\t\t\t<div class=\"ctl-start\"><\/div>\r\n\t\t\t\t\t<!-- Timeline Container -->\r\n\t\t\t\t\t<div class=\"ctl-timeline ctl-timeline-container\" data-animation=\"none\">\r\n\t\t\t\t\t\t<!-- Center Line -->\r\n\t\t\t\t\t\t<div class=\"ctl-inner-line\" role=\"presentation\"><\/div>\r\n\t\t\t\t\t\t<!-- Timeline Content --><div  id=\"ctl-story-13590\" class=\"ctl-story ctl-story-icon odd ctl-story-right\" data-aos=\"none\"   data-story-index=\"1\" role=\"article\"><!-- Story Icon --><div class=\"ctl-icon\"><i class= \"fa fas fa-hands-helping\" aria-hidden =\"true\"><\/i><\/div> <!-- Story Arrow --><div class=\"ctl-arrow\"><\/div><!-- Story Content --><div class=\"ctl-content\"><!-- Story Date --><div class=\"ctl-labels\"><div class=\"ctl-label-big story-date\">1995<\/div><\/div><!-- Story Description --><div class=\"ctl-description\"><p><span style=\"font-weight: 400;\">Se obtuvo Patente de Agente Aduanal en la Aduana de Matamoros. <\/span><span style=\"font-weight: 400;\">Inicio de operaciones con 2 personas <\/span><span style=\"font-weight: 400;\">Agente Aduanal, hombre orquesta de la empresa.<\/span><\/p>\n<\/div><\/div><\/div><!-- Timeline Content --><div  id=\"ctl-story-13593\" class=\"ctl-story ctl-story-icon even ctl-story-left\" data-aos=\"none\"   data-story-index=\"2\" role=\"article\"><!-- Story Icon --><div class=\"ctl-icon\"><i class= \"fa fas fa-bullseye\" aria-hidden =\"true\"><\/i><\/div> <!-- Story Arrow --><div class=\"ctl-arrow\"><\/div><!-- Story Content --><div class=\"ctl-content\"><!-- Story Date --><div class=\"ctl-labels\"><div class=\"ctl-label-big story-date\">1996<\/div><\/div><!-- Story Description --><div class=\"ctl-description\"><p>Decisi\u00f3n personal clave para BMA<\/p>\n<\/div><\/div><\/div><!-- Timeline Content --><div  id=\"ctl-story-13594\" class=\"ctl-story ctl-story-icon odd ctl-story-right\" data-aos=\"none\"   data-story-index=\"3\" role=\"article\"><!-- Story Icon --><div class=\"ctl-icon\"><i class= \"fa fas fa-id-badge\" aria-hidden =\"true\"><\/i><\/div> <!-- Story Arrow --><div class=\"ctl-arrow\"><\/div><!-- Story Content --><div class=\"ctl-content\"><!-- Story Date --><div class=\"ctl-labels\"><div class=\"ctl-label-big story-date\">1998<\/div><\/div><!-- Story Description --><div class=\"ctl-description\"><p>Iniciamos operaciones v\u00eda corresponsales<\/p>\n<\/div><\/div><\/div><!-- Timeline Content --><div  id=\"ctl-story-13595\" class=\"ctl-story ctl-story-icon even ctl-story-left\" data-aos=\"none\"   data-story-index=\"4\" role=\"article\"><!-- Story Icon --><div class=\"ctl-icon\"><i class= \"fa fas fa-praying-hands\" aria-hidden =\"true\"><\/i><\/div> <!-- Story Arrow --><div class=\"ctl-arrow\"><\/div><!-- Story Content --><div class=\"ctl-content\"><!-- Story Date --><div class=\"ctl-labels\"><div class=\"ctl-label-big story-date\">1999<\/div><\/div><!-- Story Description --><div class=\"ctl-description\"><p>Creaci\u00f3n de BMA, S.C<\/p>\n<\/div><\/div><\/div><!-- Timeline Content --><div  id=\"ctl-story-13596\" class=\"ctl-story ctl-story-icon odd ctl-story-right\" data-aos=\"none\"   data-story-index=\"5\" role=\"article\"><!-- Story Icon --><div class=\"ctl-icon\"><i class= \"fa fas fa-plane-departure\" aria-hidden =\"true\"><\/i><\/div> <!-- Story Arrow --><div class=\"ctl-arrow\"><\/div><!-- Story Content --><div class=\"ctl-content\"><!-- Story Date --><div class=\"ctl-labels\"><div class=\"ctl-label-big story-date\">2001<\/div><\/div><!-- Story Description --><div class=\"ctl-description\"><p>Apertura de oficina AICM<\/p>\n<\/div><\/div><\/div><!-- Timeline Content --><div  id=\"ctl-story-13597\" class=\"ctl-story ctl-story-icon even ctl-story-left\" data-aos=\"none\"   data-story-index=\"6\" role=\"article\"><!-- Story Icon --><div class=\"ctl-icon\"><i class= \"fa fas fa-award\" aria-hidden =\"true\"><\/i><\/div> <!-- Story Arrow --><div class=\"ctl-arrow\"><\/div><!-- Story Content --><div class=\"ctl-content\"><!-- Story Date --><div class=\"ctl-labels\"><div class=\"ctl-label-big story-date\">2002<\/div><\/div><!-- Story Description --><div class=\"ctl-description\"><p>Apertura de oficina Nuevo Laredo<\/p>\n<\/div><\/div><\/div><!-- Timeline Content --><div  id=\"ctl-story-13598\" class=\"ctl-story ctl-story-icon odd ctl-story-right\" data-aos=\"none\"   data-story-index=\"7\" role=\"article\"><!-- Story Icon --><div class=\"ctl-icon\"><i class= \"fa fas fa-globe-americas\" aria-hidden =\"true\"><\/i><\/div> <!-- Story Arrow --><div class=\"ctl-arrow\"><\/div><!-- Story Content --><div class=\"ctl-content\"><!-- Story Date --><div class=\"ctl-labels\"><div class=\"ctl-label-big story-date\">2003<\/div><\/div><!-- Story Description --><div class=\"ctl-description\"><p>Apertura de oficina Colombia<\/p>\n<\/div><\/div><\/div><!-- Timeline Content --><div  id=\"ctl-story-13599\" class=\"ctl-story ctl-story-icon even ctl-story-left\" data-aos=\"none\"   data-story-index=\"8\" role=\"article\"><!-- Story Icon --><div class=\"ctl-icon\"><i class= \"fa fas fa-people-carry\" aria-hidden =\"true\"><\/i><\/div> <!-- Story Arrow --><div class=\"ctl-arrow\"><\/div><!-- Story Content --><div class=\"ctl-content\"><!-- Story Date --><div class=\"ctl-labels\"><div class=\"ctl-label-big story-date\">2006<\/div><\/div><!-- Story Description --><div class=\"ctl-description\"><p>Apertura Brownsville Cargo Service<\/p>\n<\/div><\/div><\/div><!-- Timeline Content --><div  id=\"ctl-story-13600\" class=\"ctl-story ctl-story-icon odd ctl-story-right\" data-aos=\"none\"   data-story-index=\"9\" role=\"article\"><!-- Story Icon --><div class=\"ctl-icon\"><i class= \"fa fas fa-chart-line\" aria-hidden =\"true\"><\/i><\/div> <!-- Story Arrow --><div class=\"ctl-arrow\"><\/div><!-- Story Content --><div class=\"ctl-content\"><!-- Story Date --><div class=\"ctl-labels\"><div class=\"ctl-label-big story-date\">2006<\/div><\/div><!-- Story Description --><div class=\"ctl-description\"><ul>\n<li>Creaci\u00f3n del \u00e1rea comercial Zona Baj\u00edo<\/li>\n<li>Primera planeaci\u00f3n estrat\u00e9gica<\/li>\n<\/ul>\n<\/div><\/div><\/div><!-- Timeline Content --><div  id=\"ctl-story-13602\" class=\"ctl-story ctl-story-icon even ctl-story-left\" data-aos=\"none\"   data-story-index=\"10\" role=\"article\"><!-- Story Icon --><div class=\"ctl-icon\"><i class= \"fa fas fa-list-alt\" aria-hidden =\"true\"><\/i><\/div> <!-- Story Arrow --><div class=\"ctl-arrow\"><\/div><!-- Story Content --><div class=\"ctl-content\"><!-- Story Date --><div class=\"ctl-labels\"><div class=\"ctl-label-big story-date\">2012<\/div><\/div><!-- Story Description --><div class=\"ctl-description\"><p>Plan Estrat\u00e9gico BMA 2013 \u2013 2017<\/p>\n<\/div><\/div><\/div><!-- Timeline Content --><div  id=\"ctl-story-13605\" class=\"ctl-story ctl-story-icon odd ctl-story-right\" data-aos=\"none\"   data-story-index=\"11\" role=\"article\"><!-- Story Icon --><div class=\"ctl-icon\"><i class= \"fa fas fa-users\" aria-hidden =\"true\"><\/i><\/div> <!-- Story Arrow --><div class=\"ctl-arrow\"><\/div><!-- Story Content --><div class=\"ctl-content\"><!-- Story Date --><div class=\"ctl-labels\"><div class=\"ctl-label-big story-date\">2013<\/div><\/div><!-- Story Description --><div class=\"ctl-description\"><ul>\n<li>Alianza Customs Br\u00f3ker Martha D\u00e1vila<\/li>\n<li>Inicia operaciones BMA Logistics<\/li>\n<li>Inicia operaciones BCS Logistics<\/li>\n<\/ul>\n<\/div><\/div><\/div><!-- Timeline Content --><div  id=\"ctl-story-13606\" class=\"ctl-story ctl-story-icon even ctl-story-left\" data-aos=\"none\"   data-story-index=\"12\" role=\"article\"><!-- Story Icon --><div class=\"ctl-icon\"><i class= \"fa fas fa-ship\" aria-hidden =\"true\"><\/i><\/div> <!-- Story Arrow --><div class=\"ctl-arrow\"><\/div><!-- Story Content --><div class=\"ctl-content\"><!-- Story Date --><div class=\"ctl-labels\"><div class=\"ctl-label-big story-date\">2014<\/div><\/div><!-- Story Description --><div class=\"ctl-description\"><ul>\n<li aria-level=\"1\">Inicia operaciones COEX Consultores<\/li>\n<li aria-level=\"1\">Abre Manzanillo<\/li>\n<li aria-level=\"1\">Obtenci\u00f3n de certificado ISO 9001 Matamoros<\/li>\n<\/ul>\n<\/div><\/div><\/div><!-- Timeline Content --><div  id=\"ctl-story-13607\" class=\"ctl-story ctl-story-icon odd ctl-story-right\" data-aos=\"none\"   data-story-index=\"13\" role=\"article\"><!-- Story Icon --><div class=\"ctl-icon\"><i class= \"fa fas fa-certificate\" aria-hidden =\"true\"><\/i><\/div> <!-- Story Arrow --><div class=\"ctl-arrow\"><\/div><!-- Story Content --><div class=\"ctl-content\"><!-- Story Date --><div class=\"ctl-labels\"><div class=\"ctl-label-big story-date\">2015<\/div><\/div><!-- Story Description --><div class=\"ctl-description\"><ul>\n<li>Inicia operaciones Altamira<\/li>\n<li>Certificaci\u00f3n ISO 9000 MAT, NLD, AICM y Manzanillo<\/li>\n<\/ul>\n<\/div><\/div><\/div><!-- Timeline Content --><div  id=\"ctl-story-13608\" class=\"ctl-story ctl-story-icon even ctl-story-left\" data-aos=\"none\"   data-story-index=\"14\" role=\"article\"><!-- Story Icon --><div class=\"ctl-icon\"><i class= \"fa fas fa-water\" aria-hidden =\"true\"><\/i><\/div> <!-- Story Arrow --><div class=\"ctl-arrow\"><\/div><!-- Story Content --><div class=\"ctl-content\"><!-- Story Date --><div class=\"ctl-labels\"><div class=\"ctl-label-big story-date\">2016<\/div><\/div><!-- Story Description --><div class=\"ctl-description\"><p>Abre oficina Veracruz<\/p>\n<\/div><\/div><\/div><!-- Timeline Content --><div  id=\"ctl-story-13609\" class=\"ctl-story ctl-story-icon odd ctl-story-right\" data-aos=\"none\"   data-story-index=\"15\" role=\"article\"><!-- Story Icon --><div class=\"ctl-icon\"><i class= \"fa fas fa-network-wired\" aria-hidden =\"true\"><\/i><\/div> <!-- Story Arrow --><div class=\"ctl-arrow\"><\/div><!-- Story Content --><div class=\"ctl-content\"><!-- Story Date --><div class=\"ctl-labels\"><div class=\"ctl-label-big story-date\">2017<\/div><\/div><!-- Story Description --><div class=\"ctl-description\"><ul>\n<li>Apertura oficina Guadalajara<\/li>\n<li>Certificaci\u00f3n ISO 9001:2015<\/li>\n<\/ul>\n<\/div><\/div><\/div><!-- Timeline Content --><div  id=\"ctl-story-13610\" class=\"ctl-story ctl-story-icon even ctl-story-left\" data-aos=\"none\"   data-story-index=\"16\" role=\"article\"><!-- Story Icon --><div class=\"ctl-icon\"><i class= \"fa fas fa-medal\" aria-hidden =\"true\"><\/i><\/div> <!-- Story Arrow --><div class=\"ctl-arrow\"><\/div><!-- Story Content --><div class=\"ctl-content\"><!-- Story Date --><div class=\"ctl-labels\"><div class=\"ctl-label-big story-date\">2018<\/div><\/div><!-- Story Description --><div class=\"ctl-description\"><ul>\n<li>Plan estrat\u00e9gico 2018-2023<\/li>\n<li>Certificaci\u00f3n de OLA y CLAUGTO<\/li>\n<\/ul>\n<\/div><\/div><\/div><!-- Timeline Content --><div  id=\"ctl-story-13611\" class=\"ctl-story ctl-story-icon odd ctl-story-right\" data-aos=\"none\"   data-story-index=\"17\" role=\"article\"><!-- Story Icon --><div class=\"ctl-icon\"><i class= \"fa fas fa-check-double\" aria-hidden =\"true\"><\/i><\/div> <!-- Story Arrow --><div class=\"ctl-arrow\"><\/div><!-- Story Content --><div class=\"ctl-content\"><!-- Story Date --><div class=\"ctl-labels\"><div class=\"ctl-label-big story-date\">2019<\/div><\/div><!-- Story Description --><div class=\"ctl-description\"><p>Recertificaci\u00f3n OLA y CLAUGTO<\/p>\n<\/div><\/div><\/div><!-- Timeline Content --><div  id=\"ctl-story-13612\" class=\"ctl-story ctl-story-icon even ctl-story-left\" data-aos=\"none\"   data-story-index=\"18\" role=\"article\"><!-- Story Icon --><div class=\"ctl-icon\"><i class= \"fa fas fa-users-cog\" aria-hidden =\"true\"><\/i><\/div> <!-- Story Arrow --><div class=\"ctl-arrow\"><\/div><!-- Story Content --><div class=\"ctl-content\"><!-- Story Date --><div class=\"ctl-labels\"><div class=\"ctl-label-big story-date\">2020<\/div><\/div><!-- Story Description --><div class=\"ctl-description\"><ul>\n<li>Inicia operaci\u00f3n directa en Altamira<\/li>\n<li>Implementaci\u00f3n del Programa de Cultura Servicio BMA<\/li>\n<li>Recertificaci\u00f3n OLA<\/li>\n<\/ul>\n<\/div><\/div><\/div><!-- Timeline Content --><div  id=\"ctl-story-13613\" class=\"ctl-story ctl-story-icon odd ctl-story-right\" data-aos=\"none\"   data-story-index=\"19\" role=\"article\"><!-- Story Icon --><div class=\"ctl-icon\"><i class= \"fa fas fa-shipping-fast\" aria-hidden =\"true\"><\/i><\/div> <!-- Story Arrow --><div class=\"ctl-arrow\"><\/div><!-- Story Content --><div class=\"ctl-content\"><!-- Story Date --><div class=\"ctl-labels\"><div class=\"ctl-label-big story-date\">2022<\/div><\/div><!-- Story Description --><div class=\"ctl-description\"><p>Creaci\u00f3n de oficina Quer\u00e9taro<\/p>\n<\/div><\/div><\/div><!-- Timeline Content --><div  id=\"ctl-story-13614\" class=\"ctl-story ctl-story-icon even ctl-story-left\" data-aos=\"none\"   data-story-index=\"20\" role=\"article\"><!-- Story Icon --><div class=\"ctl-icon\"><i class= \"fa fas fa-plane\" aria-hidden =\"true\"><\/i><\/div> <!-- Story Arrow --><div class=\"ctl-arrow\"><\/div><!-- Story Content --><div class=\"ctl-content\"><!-- Story Date --><div class=\"ctl-labels\"><div class=\"ctl-label-big story-date\">2023<\/div><\/div><!-- Story Description --><div class=\"ctl-description\"><p>Creaci\u00f3n de oficina AIFA<\/p>\n<\/div><\/div><\/div><!-- Timeline Content --><div  id=\"ctl-story-13601\" class=\"ctl-story ctl-story-icon odd ctl-story-right\" data-aos=\"none\"   data-story-index=\"21\" role=\"article\"><!-- Story Icon --><div class=\"ctl-icon\"><i class= \"fa fas fa-location-arrow\" aria-hidden =\"true\"><\/i><\/div> <!-- Story Arrow --><div class=\"ctl-arrow\"><\/div><!-- Story Content --><div class=\"ctl-content\"><!-- Story Date --><div class=\"ctl-labels\"><div class=\"ctl-label-big story-date\">2024<\/div><\/div><!-- Story Description --><div class=\"ctl-description\"><p>Abre oficina Piedras Negras, cierra Colombia.<\/p>\n<\/div><\/div><\/div>\t\t\t\t\t<\/div>\r\n\t\t\t\t\t<div class=\"ctl-end\"><\/div>\r\n\t\t\t\t\t\t\t\t\t<\/div>\r\n\t\t\t<\/div>\r\n\t\t\t[\/vc_column][\/vc_row]<\/p>\n<\/div>","protected":false},"excerpt":{"rendered":"<p>[vc_row][vc_column][\/vc_column][\/vc_row][vc_row][vc_column][vc_row_inner][vc_column_inner width=\u00bb1\/2&#8243;][vc_column_text] Bufete Mexicano de Aduanas, S. C. es una empresa mexicana que inicia operaciones en 1999 como Agencia Aduanal y que actualmente se dedica a ofrecer soluciones log\u00edsticas mediante la integraci\u00f3n de servicios de log\u00edstica internacional, transporte nacional, despacho aduanal, almacenaje y distribuci\u00f3n de mercanc\u00edas, as\u00ed como consultor\u00eda en<\/p>\n","protected":false},"author":2,"featured_media":0,"parent":0,"menu_order":0,"comment_status":"closed","ping_status":"closed","template":"","meta":{"footnotes":""},"yoast_head":"<!-- This site is optimized with the Yoast SEO plugin v23.0 - https:\/\/yoast.com\/wordpress\/plugins\/seo\/ -->\n<title>Nosotros - BMASC<\/title>\n<meta name=\"robots\" content=\"index, follow, max-snippet:-1, max-image-preview:large, max-video-preview:-1\" \/>\n<link rel=\"canonical\" href=\"https:\/\/bmasc.com\/bmasc-pg\/index.php\/nosotros\/\" \/>\n<meta property=\"og:locale\" content=\"es_ES\" \/>\n<meta property=\"og:type\" content=\"article\" \/>\n<meta property=\"og:title\" content=\"Nosotros - BMASC\" \/>\n<meta property=\"og:description\" content=\"[vc_row][vc_column][\/vc_column][\/vc_row][vc_row][vc_column][vc_row_inner][vc_column_inner width=\u00bb1\/2&#8243;][vc_column_text] Bufete Mexicano de Aduanas, S. C. es una empresa mexicana que inicia operaciones en 1999 como Agencia Aduanal y que actualmente se dedica a ofrecer soluciones log\u00edsticas mediante la integraci\u00f3n de servicios de log\u00edstica internacional, transporte nacional, despacho aduanal, almacenaje y distribuci\u00f3n de mercanc\u00edas, as\u00ed como consultor\u00eda en\" \/>\n<meta property=\"og:url\" content=\"https:\/\/bmasc.com\/bmasc-pg\/index.php\/nosotros\/\" \/>\n<meta property=\"og:site_name\" content=\"BMASC\" \/>\n<meta property=\"article:modified_time\" content=\"2024-12-24T18:00:47+00:00\" \/>\n<meta name=\"twitter:card\" content=\"summary_large_image\" \/>\n<meta name=\"twitter:label1\" content=\"Tiempo de lectura\" \/>\n\t<meta name=\"twitter:data1\" content=\"2 minutos\" \/>\n<script type=\"application\/ld+json\" class=\"yoast-schema-graph\">{\"@context\":\"https:\/\/schema.org\",\"@graph\":[{\"@type\":\"WebPage\",\"@id\":\"https:\/\/bmasc.com\/bmasc-pg\/index.php\/nosotros\/\",\"url\":\"https:\/\/bmasc.com\/bmasc-pg\/index.php\/nosotros\/\",\"name\":\"Nosotros - BMASC\",\"isPartOf\":{\"@id\":\"https:\/\/bmasc.com\/bmasc-pg\/#website\"},\"datePublished\":\"2019-06-21T08:49:25+00:00\",\"dateModified\":\"2024-12-24T18:00:47+00:00\",\"breadcrumb\":{\"@id\":\"https:\/\/bmasc.com\/bmasc-pg\/index.php\/nosotros\/#breadcrumb\"},\"inLanguage\":\"es\",\"potentialAction\":[{\"@type\":\"ReadAction\",\"target\":[\"https:\/\/bmasc.com\/bmasc-pg\/index.php\/nosotros\/\"]}]},{\"@type\":\"BreadcrumbList\",\"@id\":\"https:\/\/bmasc.com\/bmasc-pg\/index.php\/nosotros\/#breadcrumb\",\"itemListElement\":[{\"@type\":\"ListItem\",\"position\":1,\"name\":\"Portada\",\"item\":\"https:\/\/bmasc.com\/bmasc-pg\/\"},{\"@type\":\"ListItem\",\"position\":2,\"name\":\"Nosotros\"}]},{\"@type\":\"WebSite\",\"@id\":\"https:\/\/bmasc.com\/bmasc-pg\/#website\",\"url\":\"https:\/\/bmasc.com\/bmasc-pg\/\",\"name\":\"BMASC\",\"description\":\"\",\"potentialAction\":[{\"@type\":\"SearchAction\",\"target\":{\"@type\":\"EntryPoint\",\"urlTemplate\":\"https:\/\/bmasc.com\/bmasc-pg\/?s={search_term_string}\"},\"query-input\":\"required name=search_term_string\"}],\"inLanguage\":\"es\"}]}<\/script>\n<!-- \/ Yoast SEO plugin. -->","yoast_head_json":{"title":"Nosotros - BMASC","robots":{"index":"index","follow":"follow","max-snippet":"max-snippet:-1","max-image-preview":"max-image-preview:large","max-video-preview":"max-video-preview:-1"},"canonical":"https:\/\/bmasc.com\/bmasc-pg\/index.php\/nosotros\/","og_locale":"es_ES","og_type":"article","og_title":"Nosotros - BMASC","og_description":"[vc_row][vc_column][\/vc_column][\/vc_row][vc_row][vc_column][vc_row_inner][vc_column_inner width=\u00bb1\/2&#8243;][vc_column_text] Bufete Mexicano de Aduanas, S. C. es una empresa mexicana que inicia operaciones en 1999 como Agencia Aduanal y que actualmente se dedica a ofrecer soluciones log\u00edsticas mediante la integraci\u00f3n de servicios de log\u00edstica internacional, transporte nacional, despacho aduanal, almacenaje y distribuci\u00f3n de mercanc\u00edas, as\u00ed como consultor\u00eda en","og_url":"https:\/\/bmasc.com\/bmasc-pg\/index.php\/nosotros\/","og_site_name":"BMASC","article_modified_time":"2024-12-24T18:00:47+00:00","twitter_card":"summary_large_image","twitter_misc":{"Tiempo de lectura":"2 minutos"},"schema":{"@context":"https:\/\/schema.org","@graph":[{"@type":"WebPage","@id":"https:\/\/bmasc.com\/bmasc-pg\/index.php\/nosotros\/","url":"https:\/\/bmasc.com\/bmasc-pg\/index.php\/nosotros\/","name":"Nosotros - BMASC","isPartOf":{"@id":"https:\/\/bmasc.com\/bmasc-pg\/#website"},"datePublished":"2019-06-21T08:49:25+00:00","dateModified":"2024-12-24T18:00:47+00:00","breadcrumb":{"@id":"https:\/\/bmasc.com\/bmasc-pg\/index.php\/nosotros\/#breadcrumb"},"inLanguage":"es","potentialAction":[{"@type":"ReadAction","target":["https:\/\/bmasc.com\/bmasc-pg\/index.php\/nosotros\/"]}]},{"@type":"BreadcrumbList","@id":"https:\/\/bmasc.com\/bmasc-pg\/index.php\/nosotros\/#breadcrumb","itemListElement":[{"@type":"ListItem","position":1,"name":"Portada","item":"https:\/\/bmasc.com\/bmasc-pg\/"},{"@type":"ListItem","position":2,"name":"Nosotros"}]},{"@type":"WebSite","@id":"https:\/\/bmasc.com\/bmasc-pg\/#website","url":"https:\/\/bmasc.com\/bmasc-pg\/","name":"BMASC","description":"","potentialAction":[{"@type":"SearchAction","target":{"@type":"EntryPoint","urlTemplate":"https:\/\/bmasc.com\/bmasc-pg\/?s={search_term_string}"},"query-input":"required name=search_term_string"}],"inLanguage":"es"}]}},"_links":{"self":[{"href":"https:\/\/bmasc.com\/bmasc-pg\/index.php\/wp-json\/wp\/v2\/pages\/10024"}],"collection":[{"href":"https:\/\/bmasc.com\/bmasc-pg\/index.php\/wp-json\/wp\/v2\/pages"}],"about":[{"href":"https:\/\/bmasc.com\/bmasc-pg\/index.php\/wp-json\/wp\/v2\/types\/page"}],"author":[{"embeddable":true,"href":"https:\/\/bmasc.com\/bmasc-pg\/index.php\/wp-json\/wp\/v2\/users\/2"}],"replies":[{"embeddable":true,"href":"https:\/\/bmasc.com\/bmasc-pg\/index.php\/wp-json\/wp\/v2\/comments?post=10024"}],"version-history":[{"count":24,"href":"https:\/\/bmasc.com\/bmasc-pg\/index.php\/wp-json\/wp\/v2\/pages\/10024\/revisions"}],"predecessor-version":[{"id":13856,"href":"https:\/\/bmasc.com\/bmasc-pg\/index.php\/wp-json\/wp\/v2\/pages\/10024\/revisions\/13856"}],"wp:attachment":[{"href":"https:\/\/bmasc.com\/bmasc-pg\/index.php\/wp-json\/wp\/v2\/media?parent=10024"}],"curies":[{"name":"wp","href":"https:\/\/api.w.org\/{rel}","templated":true}]}}